{"id":1065,"date":"2024-04-29T15:31:09","date_gmt":"2024-04-29T18:31:09","guid":{"rendered":"https:\/\/www.paradisus.com.uy\/?post_type=product&#038;p=1065"},"modified":"2024-04-29T15:47:04","modified_gmt":"2024-04-29T18:47:04","slug":"2727-kids-deportiva","status":"publish","type":"product","link":"https:\/\/www.paradisus.com.uy\/?product=2727-kids-deportiva","title":{"rendered":"2727 &#8211; Kids deportiva ca\u00f1a corta"},"content":{"rendered":"<p>Media Deportiva para ni\u00f1o Ca\u00f1a Media<br \/>\nAnat\u00f3mica con tal\u00f3n definido. Atoallada con pu\u00f1o soft (Ajusta sin dejar marcas).<br \/>\nIdeal para la pr\u00e1ctica de deportes activos o recreaci\u00f3n.<\/p>\n<p>Composici\u00f3n: Algod\u00f3n 72%, Poliamida 26%, Otras Fibras 4%.<br \/>\nLa composici\u00f3n puede variar de acuerdo a los colores.<\/p>\n","protected":false},"excerpt":{"rendered":"<p>Media Deportiva para ni\u00f1o Ca\u00f1a Media Anat\u00f3mica con tal\u00f3n definido. Atoallada con pu\u00f1o soft (Ajusta sin dejar marcas). Ideal para la pr\u00e1ctica de deportes activos o recreaci\u00f3n. Composici\u00f3n: Algod\u00f3n 72%, [&hellip;]<\/p>\n","protected":false},"featured_media":1064,"template":"","meta":[],"product_brand":[],"product_cat":[22,29],"product_tag":[],"class_list":{"0":"post-1065","1":"product","2":"type-product","3":"status-publish","4":"has-post-thumbnail","6":"product_cat-medias","7":"product_cat-ninos","9":"first","10":"instock","11":"shipping-taxable","12":"purchasable","13":"product-type-variable"},"_links":{"self":[{"href":"https:\/\/www.paradisus.com.uy\/index.php?rest_route=\/wp\/v2\/product\/1065","targetHints":{"allow":["GET"]}}],"collection":[{"href":"https:\/\/www.paradisus.com.uy\/index.php?rest_route=\/wp\/v2\/product"}],"about":[{"href":"https:\/\/www.paradisus.com.uy\/index.php?rest_route=\/wp\/v2\/types\/product"}],"wp:featuredmedia":[{"embeddable":true,"href":"https:\/\/www.paradisus.com.uy\/index.php?rest_route=\/wp\/v2\/media\/1064"}],"wp:attachment":[{"href":"https:\/\/www.paradisus.com.uy\/index.php?rest_route=%2Fwp%2Fv2%2Fmedia&parent=1065"}],"wp:term":[{"taxonomy":"product_brand","embeddable":true,"href":"https:\/\/www.paradisus.com.uy\/index.php?rest_route=%2Fwp%2Fv2%2Fproduct_brand&post=1065"},{"taxonomy":"product_cat","embeddable":true,"href":"https:\/\/www.paradisus.com.uy\/index.php?rest_route=%2Fwp%2Fv2%2Fproduct_cat&post=1065"},{"taxonomy":"product_tag","embeddable":true,"href":"https:\/\/www.paradisus.com.uy\/index.php?rest_route=%2Fwp%2Fv2%2Fproduct_tag&post=1065"}],"curies":[{"name":"wp","href":"https:\/\/api.w.org\/{rel}","templated":true}]}}