{"id":1285,"date":"2024-04-30T11:52:08","date_gmt":"2024-04-30T14:52:08","guid":{"rendered":"https:\/\/www.paradisus.com.uy\/?post_type=product&#038;p=1285"},"modified":"2024-04-30T12:02:06","modified_gmt":"2024-04-30T15:02:06","slug":"2576-panty-opaca-para-bebe","status":"publish","type":"product","link":"https:\/\/www.paradisus.com.uy\/?product=2576-panty-opaca-para-bebe","title":{"rendered":"2576 &#8211; Panty opaca para beb\u00e9"},"content":{"rendered":"<p>Panty en microfibra para beb\u00e9 y reci\u00e9n nacido<\/p>\n<p>Talle:<br \/>\nRN (de 0 a 4 meses)<br \/>\nBB (de 5 meses a 2 a\u00f1os)<\/p>\n<p>Panty en microfibra para beb\u00e9 y reci\u00e9n nacido con elastano, 80 deniers.<br \/>\nCon demarcaci\u00f3n de bombacha y de puntera.<\/p>\n<p>Composici\u00f3n: Poliamida 97% &#8211; Elastano 3%<\/p>\n","protected":false},"excerpt":{"rendered":"<p>Panty en microfibra para beb\u00e9 y reci\u00e9n nacido Talle: RN (de 0 a 4 meses) BB (de 5 meses a 2 a\u00f1os) Panty en microfibra para beb\u00e9 y reci\u00e9n nacido [&hellip;]<\/p>\n","protected":false},"featured_media":1298,"template":"","meta":[],"product_brand":[],"product_cat":[37,32],"product_tag":[],"class_list":{"0":"post-1285","1":"product","2":"type-product","3":"status-publish","4":"has-post-thumbnail","6":"product_cat-lobinha","7":"product_cat-pantimedias","9":"first","10":"instock","11":"shipping-taxable","12":"purchasable","13":"product-type-variable"},"_links":{"self":[{"href":"https:\/\/www.paradisus.com.uy\/index.php?rest_route=\/wp\/v2\/product\/1285","targetHints":{"allow":["GET"]}}],"collection":[{"href":"https:\/\/www.paradisus.com.uy\/index.php?rest_route=\/wp\/v2\/product"}],"about":[{"href":"https:\/\/www.paradisus.com.uy\/index.php?rest_route=\/wp\/v2\/types\/product"}],"wp:featuredmedia":[{"embeddable":true,"href":"https:\/\/www.paradisus.com.uy\/index.php?rest_route=\/wp\/v2\/media\/1298"}],"wp:attachment":[{"href":"https:\/\/www.paradisus.com.uy\/index.php?rest_route=%2Fwp%2Fv2%2Fmedia&parent=1285"}],"wp:term":[{"taxonomy":"product_brand","embeddable":true,"href":"https:\/\/www.paradisus.com.uy\/index.php?rest_route=%2Fwp%2Fv2%2Fproduct_brand&post=1285"},{"taxonomy":"product_cat","embeddable":true,"href":"https:\/\/www.paradisus.com.uy\/index.php?rest_route=%2Fwp%2Fv2%2Fproduct_cat&post=1285"},{"taxonomy":"product_tag","embeddable":true,"href":"https:\/\/www.paradisus.com.uy\/index.php?rest_route=%2Fwp%2Fv2%2Fproduct_tag&post=1285"}],"curies":[{"name":"wp","href":"https:\/\/api.w.org\/{rel}","templated":true}]}}