{"id":2238,"date":"2024-05-06T10:20:57","date_gmt":"2024-05-06T13:20:57","guid":{"rendered":"https:\/\/www.paradisus.com.uy\/?post_type=product&#038;p=2238"},"modified":"2024-05-06T10:32:18","modified_gmt":"2024-05-06T13:32:18","slug":"524-slip-de-algodon-y-elastano","status":"publish","type":"product","link":"https:\/\/www.paradisus.com.uy\/?product=524-slip-de-algodon-y-elastano","title":{"rendered":"524 &#8211; Slip de algod\u00f3n y elastano"},"content":{"rendered":"<p>Slip de algod\u00f3n para adulto.<\/p>\n<p>Fabricados en tejido de algod\u00f3n de alta calidad, s\u00faper suave y c\u00f3modos, con gran ajuste.<\/p>\n<p>Talles:<br \/>\nP (38 al 40)<br \/>\nM (42 al 44)<br \/>\nG (46 al 48)<br \/>\nGG (50 al 52)<\/p>\n<p>Composici\u00f3n: Algod\u00f3n 95%.<br \/>\nElastano 5%<\/p>\n","protected":false},"excerpt":{"rendered":"<p>Slip de algod\u00f3n para adulto. Fabricados en tejido de algod\u00f3n de alta calidad, s\u00faper suave y c\u00f3modos, con gran ajuste. Talles: P (38 al 40) M (42 al 44) G [&hellip;]<\/p>\n","protected":false},"featured_media":2233,"template":"","meta":[],"product_brand":[],"product_cat":[44,43],"product_tag":[],"class_list":{"0":"post-2238","1":"product","2":"type-product","3":"status-publish","4":"has-post-thumbnail","6":"product_cat-adulto","7":"product_cat-underwear","9":"first","10":"instock","11":"shipping-taxable","12":"purchasable","13":"product-type-variable"},"_links":{"self":[{"href":"https:\/\/www.paradisus.com.uy\/index.php?rest_route=\/wp\/v2\/product\/2238","targetHints":{"allow":["GET"]}}],"collection":[{"href":"https:\/\/www.paradisus.com.uy\/index.php?rest_route=\/wp\/v2\/product"}],"about":[{"href":"https:\/\/www.paradisus.com.uy\/index.php?rest_route=\/wp\/v2\/types\/product"}],"wp:featuredmedia":[{"embeddable":true,"href":"https:\/\/www.paradisus.com.uy\/index.php?rest_route=\/wp\/v2\/media\/2233"}],"wp:attachment":[{"href":"https:\/\/www.paradisus.com.uy\/index.php?rest_route=%2Fwp%2Fv2%2Fmedia&parent=2238"}],"wp:term":[{"taxonomy":"product_brand","embeddable":true,"href":"https:\/\/www.paradisus.com.uy\/index.php?rest_route=%2Fwp%2Fv2%2Fproduct_brand&post=2238"},{"taxonomy":"product_cat","embeddable":true,"href":"https:\/\/www.paradisus.com.uy\/index.php?rest_route=%2Fwp%2Fv2%2Fproduct_cat&post=2238"},{"taxonomy":"product_tag","embeddable":true,"href":"https:\/\/www.paradisus.com.uy\/index.php?rest_route=%2Fwp%2Fv2%2Fproduct_tag&post=2238"}],"curies":[{"name":"wp","href":"https:\/\/api.w.org\/{rel}","templated":true}]}}