{"id":284,"date":"2024-04-13T13:33:03","date_gmt":"2024-04-13T16:33:03","guid":{"rendered":"http:\/\/www.paradisus.com.uy\/?product=legging-baby-varon"},"modified":"2024-04-30T15:35:04","modified_gmt":"2024-04-30T18:35:04","slug":"legging-baby-varon","status":"publish","type":"product","link":"https:\/\/www.paradisus.com.uy\/?product=legging-baby-varon","title":{"rendered":"13500 &#8211; Legging Baby-VARON"},"content":{"rendered":"<p>Legging de algod\u00f3n con dise\u00f1o, para recien nacido y beb\u00e9<\/p>\n<p>Talles:<br \/>\nRN (de 0 a 4 meses)<br \/>\nBB (de 5 a 11 meses)<br \/>\nPP (de 1 a 2 a\u00f1os)<\/p>\n<p>Legging de algod\u00f3n para ni\u00f1o.<\/p>\n<p>Composici\u00f3n: Algod\u00f3n 62%, Poliamida 35%, Elastano 3%.<br \/>\nLa composici\u00f3n puede variar seg\u00fan el color<\/p>\n","protected":false},"excerpt":{"rendered":"<p>Legging de algod\u00f3n con dise\u00f1o, para recien nacido y beb\u00e9 Talles: RN (de 0 a 4 meses) BB (de 5 a 11 meses) PP (de 1 a 2 a\u00f1os) Legging [&hellip;]<\/p>\n","protected":false},"featured_media":1355,"template":"","meta":[],"product_brand":[],"product_cat":[37,32],"product_tag":[],"class_list":{"0":"post-284","1":"product","2":"type-product","3":"status-publish","4":"has-post-thumbnail","6":"product_cat-lobinha","7":"product_cat-pantimedias","9":"first","10":"instock","11":"shipping-taxable","12":"purchasable","13":"product-type-variable"},"_links":{"self":[{"href":"https:\/\/www.paradisus.com.uy\/index.php?rest_route=\/wp\/v2\/product\/284","targetHints":{"allow":["GET"]}}],"collection":[{"href":"https:\/\/www.paradisus.com.uy\/index.php?rest_route=\/wp\/v2\/product"}],"about":[{"href":"https:\/\/www.paradisus.com.uy\/index.php?rest_route=\/wp\/v2\/types\/product"}],"wp:featuredmedia":[{"embeddable":true,"href":"https:\/\/www.paradisus.com.uy\/index.php?rest_route=\/wp\/v2\/media\/1355"}],"wp:attachment":[{"href":"https:\/\/www.paradisus.com.uy\/index.php?rest_route=%2Fwp%2Fv2%2Fmedia&parent=284"}],"wp:term":[{"taxonomy":"product_brand","embeddable":true,"href":"https:\/\/www.paradisus.com.uy\/index.php?rest_route=%2Fwp%2Fv2%2Fproduct_brand&post=284"},{"taxonomy":"product_cat","embeddable":true,"href":"https:\/\/www.paradisus.com.uy\/index.php?rest_route=%2Fwp%2Fv2%2Fproduct_cat&post=284"},{"taxonomy":"product_tag","embeddable":true,"href":"https:\/\/www.paradisus.com.uy\/index.php?rest_route=%2Fwp%2Fv2%2Fproduct_tag&post=284"}],"curies":[{"name":"wp","href":"https:\/\/api.w.org\/{rel}","templated":true}]}}