{"id":288,"date":"2024-04-13T13:33:04","date_gmt":"2024-04-13T16:33:04","guid":{"rendered":"http:\/\/www.paradisus.com.uy\/?product=slip-infantil"},"modified":"2024-05-03T11:35:23","modified_gmt":"2024-05-03T14:35:23","slug":"slip-infantil","status":"publish","type":"product","link":"https:\/\/www.paradisus.com.uy\/?product=slip-infantil","title":{"rendered":"140 &#8211; Slip infantil algod\u00f3n"},"content":{"rendered":"<p>Slips de algod\u00f3n para ni\u00f1o.<br \/>\nFabricados en tejido 100% algod\u00f3n, s\u00faper suave y c\u00f3modos, con gran ajuste.<\/p>\n<p>Composici\u00f3n: Algod\u00f3n 100%.<\/p>\n","protected":false},"excerpt":{"rendered":"<p>Slips de algod\u00f3n para ni\u00f1o. Fabricados en tejido 100% algod\u00f3n, s\u00faper suave y c\u00f3modos, con gran ajuste. Composici\u00f3n: Algod\u00f3n 100%.<\/p>\n","protected":false},"featured_media":1995,"template":"","meta":[],"product_brand":[],"product_cat":[45,43],"product_tag":[],"class_list":{"0":"post-288","1":"product","2":"type-product","3":"status-publish","4":"has-post-thumbnail","6":"product_cat-infantil-underwear","7":"product_cat-underwear","9":"first","10":"instock","11":"shipping-taxable","12":"purchasable","13":"product-type-variable"},"_links":{"self":[{"href":"https:\/\/www.paradisus.com.uy\/index.php?rest_route=\/wp\/v2\/product\/288","targetHints":{"allow":["GET"]}}],"collection":[{"href":"https:\/\/www.paradisus.com.uy\/index.php?rest_route=\/wp\/v2\/product"}],"about":[{"href":"https:\/\/www.paradisus.com.uy\/index.php?rest_route=\/wp\/v2\/types\/product"}],"wp:featuredmedia":[{"embeddable":true,"href":"https:\/\/www.paradisus.com.uy\/index.php?rest_route=\/wp\/v2\/media\/1995"}],"wp:attachment":[{"href":"https:\/\/www.paradisus.com.uy\/index.php?rest_route=%2Fwp%2Fv2%2Fmedia&parent=288"}],"wp:term":[{"taxonomy":"product_brand","embeddable":true,"href":"https:\/\/www.paradisus.com.uy\/index.php?rest_route=%2Fwp%2Fv2%2Fproduct_brand&post=288"},{"taxonomy":"product_cat","embeddable":true,"href":"https:\/\/www.paradisus.com.uy\/index.php?rest_route=%2Fwp%2Fv2%2Fproduct_cat&post=288"},{"taxonomy":"product_tag","embeddable":true,"href":"https:\/\/www.paradisus.com.uy\/index.php?rest_route=%2Fwp%2Fv2%2Fproduct_tag&post=288"}],"curies":[{"name":"wp","href":"https:\/\/api.w.org\/{rel}","templated":true}]}}