{"id":2939,"date":"2024-05-07T15:19:24","date_gmt":"2024-05-07T18:19:24","guid":{"rendered":"https:\/\/www.paradisus.com.uy\/?post_type=product&#038;p=2939"},"modified":"2024-05-07T15:28:15","modified_gmt":"2024-05-07T18:28:15","slug":"42005-corpino-basico-de-algodon","status":"publish","type":"product","link":"https:\/\/www.paradisus.com.uy\/?product=42005-corpino-basico-de-algodon","title":{"rendered":"42005 &#8211; Corpi\u00f1o b\u00e1sico de algod\u00f3n"},"content":{"rendered":"<p>Corpi\u00f1o b\u00e1sico de algod\u00f3n de alta calidad.<br \/>\nHilo compactado que no permite la formaci\u00f3n de pelotitas.<\/p>\n<p>Ajuste perfecto con toque suave y\u00a0 confort extremo.<\/p>\n<p>Composici\u00f3n: Algod\u00f3n 92 % &#8211; Elastano 8%<\/p>\n","protected":false},"excerpt":{"rendered":"<p>Corpi\u00f1o b\u00e1sico de algod\u00f3n de alta calidad. Hilo compactado que no permite la formaci\u00f3n de pelotitas. Ajuste perfecto con toque suave y\u00a0 confort extremo. Composici\u00f3n: Algod\u00f3n 92 % &#8211; Elastano [&hellip;]<\/p>\n","protected":false},"featured_media":2956,"template":"","meta":[],"product_brand":[],"product_cat":[15,40],"product_tag":[],"class_list":{"0":"post-2939","1":"product","2":"type-product","3":"status-publish","4":"has-post-thumbnail","6":"product_cat-lingerie","7":"product_cat-loba","9":"first","10":"instock","11":"shipping-taxable","12":"purchasable","13":"product-type-variable"},"_links":{"self":[{"href":"https:\/\/www.paradisus.com.uy\/index.php?rest_route=\/wp\/v2\/product\/2939","targetHints":{"allow":["GET"]}}],"collection":[{"href":"https:\/\/www.paradisus.com.uy\/index.php?rest_route=\/wp\/v2\/product"}],"about":[{"href":"https:\/\/www.paradisus.com.uy\/index.php?rest_route=\/wp\/v2\/types\/product"}],"wp:featuredmedia":[{"embeddable":true,"href":"https:\/\/www.paradisus.com.uy\/index.php?rest_route=\/wp\/v2\/media\/2956"}],"wp:attachment":[{"href":"https:\/\/www.paradisus.com.uy\/index.php?rest_route=%2Fwp%2Fv2%2Fmedia&parent=2939"}],"wp:term":[{"taxonomy":"product_brand","embeddable":true,"href":"https:\/\/www.paradisus.com.uy\/index.php?rest_route=%2Fwp%2Fv2%2Fproduct_brand&post=2939"},{"taxonomy":"product_cat","embeddable":true,"href":"https:\/\/www.paradisus.com.uy\/index.php?rest_route=%2Fwp%2Fv2%2Fproduct_cat&post=2939"},{"taxonomy":"product_tag","embeddable":true,"href":"https:\/\/www.paradisus.com.uy\/index.php?rest_route=%2Fwp%2Fv2%2Fproduct_tag&post=2939"}],"curies":[{"name":"wp","href":"https:\/\/api.w.org\/{rel}","templated":true}]}}