{"id":297,"date":"2024-04-13T13:33:07","date_gmt":"2024-04-13T16:33:07","guid":{"rendered":"http:\/\/www.paradisus.com.uy\/?product=bombacha-infantil-pack-x3"},"modified":"2024-06-13T13:06:55","modified_gmt":"2024-06-13T16:06:55","slug":"bombacha-infantil-pack-x3","status":"publish","type":"product","link":"https:\/\/www.paradisus.com.uy\/?product=bombacha-infantil-pack-x3","title":{"rendered":"18100\/89 &#8211; Bombacha infantil pack x3"},"content":{"rendered":"<p>Pack de 3 bombachas de algod\u00f3n para ni\u00f1a.<br \/>\nFabricadas en tejido de algod\u00f3n s\u00faper suave y c\u00f3modas.<br \/>\nTiene el\u00e1stico en la cintura y en las piernas, que ajusta pero no aprieta.<\/p>\n<p>Surtidas PP (de 0 a 2 a\u00f1os)<br \/>\nSurtidas P (de 3 a 5 a\u00f1os)<br \/>\nSurtidas M (de 6 a 8 a\u00f1os)<br \/>\nSurtidas G (de 9 a 11 a\u00f1os)<\/p>\n<p>Composici\u00f3n: Algod\u00f3n 100%.<br \/>\nLa composici\u00f3n puede variar seg\u00fan el modelo y el color.<\/p>\n","protected":false},"excerpt":{"rendered":"<p>Pack de 3 bombachas de algod\u00f3n para ni\u00f1a. Fabricadas en tejido de algod\u00f3n s\u00faper suave y c\u00f3modas. Tiene el\u00e1stico en la cintura y en las piernas, que ajusta pero no [&hellip;]<\/p>\n","protected":false},"featured_media":2046,"template":"","meta":[],"product_brand":[],"product_cat":[42,15],"product_tag":[],"class_list":{"0":"post-297","1":"product","2":"type-product","3":"status-publish","4":"has-post-thumbnail","6":"product_cat-infantil","7":"product_cat-lingerie","9":"first","10":"instock","11":"shipping-taxable","12":"purchasable","13":"product-type-variable"},"_links":{"self":[{"href":"https:\/\/www.paradisus.com.uy\/index.php?rest_route=\/wp\/v2\/product\/297","targetHints":{"allow":["GET"]}}],"collection":[{"href":"https:\/\/www.paradisus.com.uy\/index.php?rest_route=\/wp\/v2\/product"}],"about":[{"href":"https:\/\/www.paradisus.com.uy\/index.php?rest_route=\/wp\/v2\/types\/product"}],"wp:featuredmedia":[{"embeddable":true,"href":"https:\/\/www.paradisus.com.uy\/index.php?rest_route=\/wp\/v2\/media\/2046"}],"wp:attachment":[{"href":"https:\/\/www.paradisus.com.uy\/index.php?rest_route=%2Fwp%2Fv2%2Fmedia&parent=297"}],"wp:term":[{"taxonomy":"product_brand","embeddable":true,"href":"https:\/\/www.paradisus.com.uy\/index.php?rest_route=%2Fwp%2Fv2%2Fproduct_brand&post=297"},{"taxonomy":"product_cat","embeddable":true,"href":"https:\/\/www.paradisus.com.uy\/index.php?rest_route=%2Fwp%2Fv2%2Fproduct_cat&post=297"},{"taxonomy":"product_tag","embeddable":true,"href":"https:\/\/www.paradisus.com.uy\/index.php?rest_route=%2Fwp%2Fv2%2Fproduct_tag&post=297"}],"curies":[{"name":"wp","href":"https:\/\/api.w.org\/{rel}","templated":true}]}}