{"id":298,"date":"2024-04-13T13:33:08","date_gmt":"2024-04-13T16:33:08","guid":{"rendered":"http:\/\/www.paradisus.com.uy\/?product=bombacha-teen-pack-x3"},"modified":"2025-01-30T11:43:32","modified_gmt":"2025-01-30T14:43:32","slug":"bombacha-teen-pack-x3","status":"publish","type":"product","link":"https:\/\/www.paradisus.com.uy\/?product=bombacha-teen-pack-x3","title":{"rendered":"18103\/89 &#8211; Bombacha teen packX3"},"content":{"rendered":"<p>Pack de 3 bombachas de algod\u00f3n para ni\u00f1a<br \/>\nFabricadas en tejido de algod\u00f3n s\u00faper suave y c\u00f3modas.<br \/>\nTiene el\u00e1stico en la cintura y en las piernas, que ajusta pero no aprieta.<\/p>\n<p>Composici\u00f3n: Algod\u00f3n 95% &#8211; Elastano 5%<br \/>\nLa composici\u00f3n puede variar seg\u00fan el modelo y el color.<\/p>\n","protected":false},"excerpt":{"rendered":"<p>Pack de 3 bombachas de algod\u00f3n para ni\u00f1a Fabricadas en tejido de algod\u00f3n s\u00faper suave y c\u00f3modas. Tiene el\u00e1stico en la cintura y en las piernas, que ajusta pero no [&hellip;]<\/p>\n","protected":false},"featured_media":2054,"template":"","meta":[],"product_brand":[],"product_cat":[42,15],"product_tag":[],"class_list":{"0":"post-298","1":"product","2":"type-product","3":"status-publish","4":"has-post-thumbnail","6":"product_cat-infantil","7":"product_cat-lingerie","9":"first","10":"instock","11":"shipping-taxable","12":"purchasable","13":"product-type-variable"},"_links":{"self":[{"href":"https:\/\/www.paradisus.com.uy\/index.php?rest_route=\/wp\/v2\/product\/298","targetHints":{"allow":["GET"]}}],"collection":[{"href":"https:\/\/www.paradisus.com.uy\/index.php?rest_route=\/wp\/v2\/product"}],"about":[{"href":"https:\/\/www.paradisus.com.uy\/index.php?rest_route=\/wp\/v2\/types\/product"}],"wp:featuredmedia":[{"embeddable":true,"href":"https:\/\/www.paradisus.com.uy\/index.php?rest_route=\/wp\/v2\/media\/2054"}],"wp:attachment":[{"href":"https:\/\/www.paradisus.com.uy\/index.php?rest_route=%2Fwp%2Fv2%2Fmedia&parent=298"}],"wp:term":[{"taxonomy":"product_brand","embeddable":true,"href":"https:\/\/www.paradisus.com.uy\/index.php?rest_route=%2Fwp%2Fv2%2Fproduct_brand&post=298"},{"taxonomy":"product_cat","embeddable":true,"href":"https:\/\/www.paradisus.com.uy\/index.php?rest_route=%2Fwp%2Fv2%2Fproduct_cat&post=298"},{"taxonomy":"product_tag","embeddable":true,"href":"https:\/\/www.paradisus.com.uy\/index.php?rest_route=%2Fwp%2Fv2%2Fproduct_tag&post=298"}],"curies":[{"name":"wp","href":"https:\/\/api.w.org\/{rel}","templated":true}]}}