{"id":300,"date":"2024-04-13T13:33:08","date_gmt":"2024-04-13T16:33:08","guid":{"rendered":"http:\/\/www.paradisus.com.uy\/?product=media-de-futbol"},"modified":"2024-04-30T15:40:48","modified_gmt":"2024-04-30T18:40:48","slug":"media-de-futbol","status":"publish","type":"product","link":"https:\/\/www.paradisus.com.uy\/?product=media-de-futbol","title":{"rendered":"1995 &#8211; Media de f\u00fatbol"},"content":{"rendered":"<p>Media de F\u00fatbol Lupo Hombre<\/p>\n<p>Tejido afelpado con ventilaci\u00f3n. Cuenta con tal\u00f3n definido para mayor comodidad.<\/p>\n<p>Composici\u00f3n: Poliamida 58%, Algod\u00f3n 41%, Otras Fibras 1%.<\/p>\n","protected":false},"excerpt":{"rendered":"<p>Media de F\u00fatbol Lupo Hombre Tejido afelpado con ventilaci\u00f3n. Cuenta con tal\u00f3n definido para mayor comodidad. Composici\u00f3n: Poliamida 58%, Algod\u00f3n 41%, Otras Fibras 1%.<\/p>\n","protected":false},"featured_media":1380,"template":"","meta":[],"product_brand":[],"product_cat":[27,23,22],"product_tag":[],"class_list":{"0":"post-300","1":"product","2":"type-product","3":"status-publish","4":"has-post-thumbnail","6":"product_cat-deportes","7":"product_cat-hombres","8":"product_cat-medias","10":"first","11":"instock","12":"shipping-taxable","13":"purchasable","14":"product-type-variable"},"_links":{"self":[{"href":"https:\/\/www.paradisus.com.uy\/index.php?rest_route=\/wp\/v2\/product\/300","targetHints":{"allow":["GET"]}}],"collection":[{"href":"https:\/\/www.paradisus.com.uy\/index.php?rest_route=\/wp\/v2\/product"}],"about":[{"href":"https:\/\/www.paradisus.com.uy\/index.php?rest_route=\/wp\/v2\/types\/product"}],"wp:featuredmedia":[{"embeddable":true,"href":"https:\/\/www.paradisus.com.uy\/index.php?rest_route=\/wp\/v2\/media\/1380"}],"wp:attachment":[{"href":"https:\/\/www.paradisus.com.uy\/index.php?rest_route=%2Fwp%2Fv2%2Fmedia&parent=300"}],"wp:term":[{"taxonomy":"product_brand","embeddable":true,"href":"https:\/\/www.paradisus.com.uy\/index.php?rest_route=%2Fwp%2Fv2%2Fproduct_brand&post=300"},{"taxonomy":"product_cat","embeddable":true,"href":"https:\/\/www.paradisus.com.uy\/index.php?rest_route=%2Fwp%2Fv2%2Fproduct_cat&post=300"},{"taxonomy":"product_tag","embeddable":true,"href":"https:\/\/www.paradisus.com.uy\/index.php?rest_route=%2Fwp%2Fv2%2Fproduct_tag&post=300"}],"curies":[{"name":"wp","href":"https:\/\/api.w.org\/{rel}","templated":true}]}}