{"id":301,"date":"2024-04-13T13:33:09","date_gmt":"2024-04-13T16:33:09","guid":{"rendered":"http:\/\/www.paradisus.com.uy\/?product=media-baby-nena"},"modified":"2024-04-29T15:41:47","modified_gmt":"2024-04-29T18:41:47","slug":"media-baby-nena","status":"publish","type":"product","link":"https:\/\/www.paradisus.com.uy\/?product=media-baby-nena","title":{"rendered":"2000 &#8211; Media Baby Nena"},"content":{"rendered":"<p>Media para reci\u00e9n nacido y beb\u00e9, en algod\u00f3n y poliamida.<br \/>\nCon materiales resistentes, suaves y confortables para los pies del peque\u00f1o.<br \/>\nCuenta con tal\u00f3n definido con una ligera costura en el tobillo, haciendo que los calcetines no se salgan de los pies.<\/p>\n<p>Composici\u00f3n: Algod\u00f3n 73%, Poliamida 24%, Otras Fibras 3%.<br \/>\nLa composici\u00f3n puede variar seg\u00fan el modelo<\/p>\n","protected":false},"excerpt":{"rendered":"<p>Media para reci\u00e9n nacido y beb\u00e9, en algod\u00f3n y poliamida.<\/p>\n","protected":false},"featured_media":863,"template":"","meta":[],"product_brand":[],"product_cat":[28,22],"product_tag":[],"class_list":{"0":"post-301","1":"product","2":"type-product","3":"status-publish","4":"has-post-thumbnail","6":"product_cat-bebe","7":"product_cat-medias","9":"first","10":"instock","11":"shipping-taxable","12":"purchasable","13":"product-type-variable"},"_links":{"self":[{"href":"https:\/\/www.paradisus.com.uy\/index.php?rest_route=\/wp\/v2\/product\/301","targetHints":{"allow":["GET"]}}],"collection":[{"href":"https:\/\/www.paradisus.com.uy\/index.php?rest_route=\/wp\/v2\/product"}],"about":[{"href":"https:\/\/www.paradisus.com.uy\/index.php?rest_route=\/wp\/v2\/types\/product"}],"wp:featuredmedia":[{"embeddable":true,"href":"https:\/\/www.paradisus.com.uy\/index.php?rest_route=\/wp\/v2\/media\/863"}],"wp:attachment":[{"href":"https:\/\/www.paradisus.com.uy\/index.php?rest_route=%2Fwp%2Fv2%2Fmedia&parent=301"}],"wp:term":[{"taxonomy":"product_brand","embeddable":true,"href":"https:\/\/www.paradisus.com.uy\/index.php?rest_route=%2Fwp%2Fv2%2Fproduct_brand&post=301"},{"taxonomy":"product_cat","embeddable":true,"href":"https:\/\/www.paradisus.com.uy\/index.php?rest_route=%2Fwp%2Fv2%2Fproduct_cat&post=301"},{"taxonomy":"product_tag","embeddable":true,"href":"https:\/\/www.paradisus.com.uy\/index.php?rest_route=%2Fwp%2Fv2%2Fproduct_tag&post=301"}],"curies":[{"name":"wp","href":"https:\/\/api.w.org\/{rel}","templated":true}]}}