{"id":309,"date":"2024-04-13T13:33:15","date_gmt":"2024-04-13T16:33:15","guid":{"rendered":"http:\/\/www.paradisus.com.uy\/?product=kids-zapatilla-pack"},"modified":"2024-04-29T15:45:20","modified_gmt":"2024-04-29T18:45:20","slug":"kids-zapatilla-pack","status":"publish","type":"product","link":"https:\/\/www.paradisus.com.uy\/?product=kids-zapatilla-pack","title":{"rendered":"2270\/89 &#8211; Kids zapatilla pack x3"},"content":{"rendered":"<p>Media Deportiva de ni\u00f1o Invisible en pack de 3 unidades<br \/>\nAnat\u00f3mica con tal\u00f3n definido. Ideal para la pr\u00e1ctica de deportes activos o recreaci\u00f3n.<\/p>\n<p>Composici\u00f3n: Algod\u00f3n 68%, Poliamida 30%, Otras Fibras 3%.<br \/>\nLa composici\u00f3n puede variar de acuerdo a los colores.<\/p>\n","protected":false},"excerpt":{"rendered":"<p>Media Deportiva de ni\u00f1o Invisible en pack de 3 unidades<\/p>\n","protected":false},"featured_media":968,"template":"","meta":[],"product_brand":[],"product_cat":[22,29],"product_tag":[],"class_list":{"0":"post-309","1":"product","2":"type-product","3":"status-publish","4":"has-post-thumbnail","6":"product_cat-medias","7":"product_cat-ninos","9":"first","10":"instock","11":"shipping-taxable","12":"purchasable","13":"product-type-variable"},"_links":{"self":[{"href":"https:\/\/www.paradisus.com.uy\/index.php?rest_route=\/wp\/v2\/product\/309","targetHints":{"allow":["GET"]}}],"collection":[{"href":"https:\/\/www.paradisus.com.uy\/index.php?rest_route=\/wp\/v2\/product"}],"about":[{"href":"https:\/\/www.paradisus.com.uy\/index.php?rest_route=\/wp\/v2\/types\/product"}],"wp:featuredmedia":[{"embeddable":true,"href":"https:\/\/www.paradisus.com.uy\/index.php?rest_route=\/wp\/v2\/media\/968"}],"wp:attachment":[{"href":"https:\/\/www.paradisus.com.uy\/index.php?rest_route=%2Fwp%2Fv2%2Fmedia&parent=309"}],"wp:term":[{"taxonomy":"product_brand","embeddable":true,"href":"https:\/\/www.paradisus.com.uy\/index.php?rest_route=%2Fwp%2Fv2%2Fproduct_brand&post=309"},{"taxonomy":"product_cat","embeddable":true,"href":"https:\/\/www.paradisus.com.uy\/index.php?rest_route=%2Fwp%2Fv2%2Fproduct_cat&post=309"},{"taxonomy":"product_tag","embeddable":true,"href":"https:\/\/www.paradisus.com.uy\/index.php?rest_route=%2Fwp%2Fv2%2Fproduct_tag&post=309"}],"curies":[{"name":"wp","href":"https:\/\/api.w.org\/{rel}","templated":true}]}}