{"id":310,"date":"2024-04-13T13:33:15","date_gmt":"2024-04-13T16:33:15","guid":{"rendered":"http:\/\/www.paradisus.com.uy\/?product=design-puntos"},"modified":"2024-04-30T12:04:33","modified_gmt":"2024-04-30T15:04:33","slug":"design-puntos","status":"publish","type":"product","link":"https:\/\/www.paradisus.com.uy\/?product=design-puntos","title":{"rendered":"2515\/01 &#8211; Panty ni\u00f1a c\/puntitos"},"content":{"rendered":"<p>Panty fina para ni\u00f1a con elastano, 20 deniers.<\/p>\n<p>Dise\u00f1o de puntitos<br \/>\nCon demarcaci\u00f3n de bombacha y de puntera.<\/p>\n<p>&nbsp;<\/p>\n<p>Talle: BB (de 1 a 2 a\u00f1os)<br \/>\nP (de 3 a 5 a\u00f1os)<br \/>\nM (de 6 a 8 a\u00f1os)<br \/>\nG (de 9 a 11 a\u00f1os)<\/p>\n<p>Composici\u00f3n: Poliamida m\u00ednimo 85%<\/p>\n","protected":false},"excerpt":{"rendered":"<p>Panty fina para ni\u00f1a con elastano, 20 deniers. Dise\u00f1o de puntitos Con demarcaci\u00f3n de bombacha y de puntera. &nbsp; Talle: BB (de 1 a 2 a\u00f1os) P (de 3 a [&hellip;]<\/p>\n","protected":false},"featured_media":1183,"template":"","meta":[],"product_brand":[],"product_cat":[37,32],"product_tag":[],"class_list":{"0":"post-310","1":"product","2":"type-product","3":"status-publish","4":"has-post-thumbnail","6":"product_cat-lobinha","7":"product_cat-pantimedias","9":"first","10":"instock","11":"shipping-taxable","12":"purchasable","13":"product-type-variable"},"_links":{"self":[{"href":"https:\/\/www.paradisus.com.uy\/index.php?rest_route=\/wp\/v2\/product\/310","targetHints":{"allow":["GET"]}}],"collection":[{"href":"https:\/\/www.paradisus.com.uy\/index.php?rest_route=\/wp\/v2\/product"}],"about":[{"href":"https:\/\/www.paradisus.com.uy\/index.php?rest_route=\/wp\/v2\/types\/product"}],"wp:featuredmedia":[{"embeddable":true,"href":"https:\/\/www.paradisus.com.uy\/index.php?rest_route=\/wp\/v2\/media\/1183"}],"wp:attachment":[{"href":"https:\/\/www.paradisus.com.uy\/index.php?rest_route=%2Fwp%2Fv2%2Fmedia&parent=310"}],"wp:term":[{"taxonomy":"product_brand","embeddable":true,"href":"https:\/\/www.paradisus.com.uy\/index.php?rest_route=%2Fwp%2Fv2%2Fproduct_brand&post=310"},{"taxonomy":"product_cat","embeddable":true,"href":"https:\/\/www.paradisus.com.uy\/index.php?rest_route=%2Fwp%2Fv2%2Fproduct_cat&post=310"},{"taxonomy":"product_tag","embeddable":true,"href":"https:\/\/www.paradisus.com.uy\/index.php?rest_route=%2Fwp%2Fv2%2Fproduct_tag&post=310"}],"curies":[{"name":"wp","href":"https:\/\/api.w.org\/{rel}","templated":true}]}}