{"id":311,"date":"2024-04-13T13:33:16","date_gmt":"2024-04-13T16:33:16","guid":{"rendered":"http:\/\/www.paradisus.com.uy\/?product=design-estrellas"},"modified":"2024-04-30T11:08:05","modified_gmt":"2024-04-30T14:08:05","slug":"design-estrellas","status":"publish","type":"product","link":"https:\/\/www.paradisus.com.uy\/?product=design-estrellas","title":{"rendered":"2515\/03 &#8211; Panty ni\u00f1a c\/estrellas"},"content":{"rendered":"<p>Panty fina para ni\u00f1a con elastano, 20 deniers.<\/p>\n<p>Dise\u00f1o de estrellas<br \/>\nCon demarcaci\u00f3n de bombacha y de puntera.<\/p>\n<p>&nbsp;<\/p>\n<p>Talle: BB (de 1 a 2 a\u00f1os)<br \/>\nP (de 3 a 5 a\u00f1os)<br \/>\nM (de 6 a 8 a\u00f1os)<br \/>\nG (de 9 a 11 a\u00f1os)<\/p>\n<p>Composici\u00f3n: Poliamida m\u00ednimo 85%<\/p>\n","protected":false},"excerpt":{"rendered":"<p>Panty fina para ni\u00f1a con elastano, 20 deniers. Dise\u00f1o de estrellas Con demarcaci\u00f3n de bombacha y de puntera. &nbsp; Talle: BB (de 1 a 2 a\u00f1os) P (de 3 a [&hellip;]<\/p>\n","protected":false},"featured_media":1166,"template":"","meta":[],"product_brand":[],"product_cat":[37,32],"product_tag":[],"class_list":{"0":"post-311","1":"product","2":"type-product","3":"status-publish","4":"has-post-thumbnail","6":"product_cat-lobinha","7":"product_cat-pantimedias","9":"first","10":"instock","11":"shipping-taxable","12":"purchasable","13":"product-type-variable"},"_links":{"self":[{"href":"https:\/\/www.paradisus.com.uy\/index.php?rest_route=\/wp\/v2\/product\/311","targetHints":{"allow":["GET"]}}],"collection":[{"href":"https:\/\/www.paradisus.com.uy\/index.php?rest_route=\/wp\/v2\/product"}],"about":[{"href":"https:\/\/www.paradisus.com.uy\/index.php?rest_route=\/wp\/v2\/types\/product"}],"wp:featuredmedia":[{"embeddable":true,"href":"https:\/\/www.paradisus.com.uy\/index.php?rest_route=\/wp\/v2\/media\/1166"}],"wp:attachment":[{"href":"https:\/\/www.paradisus.com.uy\/index.php?rest_route=%2Fwp%2Fv2%2Fmedia&parent=311"}],"wp:term":[{"taxonomy":"product_brand","embeddable":true,"href":"https:\/\/www.paradisus.com.uy\/index.php?rest_route=%2Fwp%2Fv2%2Fproduct_brand&post=311"},{"taxonomy":"product_cat","embeddable":true,"href":"https:\/\/www.paradisus.com.uy\/index.php?rest_route=%2Fwp%2Fv2%2Fproduct_cat&post=311"},{"taxonomy":"product_tag","embeddable":true,"href":"https:\/\/www.paradisus.com.uy\/index.php?rest_route=%2Fwp%2Fv2%2Fproduct_tag&post=311"}],"curies":[{"name":"wp","href":"https:\/\/api.w.org\/{rel}","templated":true}]}}