{"id":316,"date":"2024-04-13T13:33:17","date_gmt":"2024-04-13T16:33:17","guid":{"rendered":"http:\/\/www.paradisus.com.uy\/?product=lobinha-fina-2"},"modified":"2024-04-30T11:48:19","modified_gmt":"2024-04-30T14:48:19","slug":"lobinha-fina-2","status":"publish","type":"product","link":"https:\/\/www.paradisus.com.uy\/?product=lobinha-fina-2","title":{"rendered":"2571 &#8211; Panty fina para beb\u00e9"},"content":{"rendered":"<p>Panty fina para beb\u00e9 y reci\u00e9n nacido<\/p>\n<p>Talle:<br \/>\nRN (de 0 a 4 meses)<br \/>\nBB (de 5 meses a 2 a\u00f1os)<\/p>\n<p>Panty fina para beb\u00e9 y reci\u00e9n nacido con elastano, 20 deniers.<br \/>\nCon demarcaci\u00f3n de bombacha y de puntera.<\/p>\n<p>Composici\u00f3n: Poliamida minimo 85%<\/p>\n","protected":false},"excerpt":{"rendered":"<p>Panty fina para beb\u00e9 y reci\u00e9n nacido Talle: RN (de 0 a 4 meses) BB (de 5 meses a 2 a\u00f1os) Panty fina para beb\u00e9 y reci\u00e9n nacido con elastano, [&hellip;]<\/p>\n","protected":false},"featured_media":1274,"template":"","meta":[],"product_brand":[],"product_cat":[37,32],"product_tag":[],"class_list":{"0":"post-316","1":"product","2":"type-product","3":"status-publish","4":"has-post-thumbnail","6":"product_cat-lobinha","7":"product_cat-pantimedias","9":"first","10":"instock","11":"shipping-taxable","12":"purchasable","13":"product-type-variable"},"_links":{"self":[{"href":"https:\/\/www.paradisus.com.uy\/index.php?rest_route=\/wp\/v2\/product\/316","targetHints":{"allow":["GET"]}}],"collection":[{"href":"https:\/\/www.paradisus.com.uy\/index.php?rest_route=\/wp\/v2\/product"}],"about":[{"href":"https:\/\/www.paradisus.com.uy\/index.php?rest_route=\/wp\/v2\/types\/product"}],"wp:featuredmedia":[{"embeddable":true,"href":"https:\/\/www.paradisus.com.uy\/index.php?rest_route=\/wp\/v2\/media\/1274"}],"wp:attachment":[{"href":"https:\/\/www.paradisus.com.uy\/index.php?rest_route=%2Fwp%2Fv2%2Fmedia&parent=316"}],"wp:term":[{"taxonomy":"product_brand","embeddable":true,"href":"https:\/\/www.paradisus.com.uy\/index.php?rest_route=%2Fwp%2Fv2%2Fproduct_brand&post=316"},{"taxonomy":"product_cat","embeddable":true,"href":"https:\/\/www.paradisus.com.uy\/index.php?rest_route=%2Fwp%2Fv2%2Fproduct_cat&post=316"},{"taxonomy":"product_tag","embeddable":true,"href":"https:\/\/www.paradisus.com.uy\/index.php?rest_route=%2Fwp%2Fv2%2Fproduct_tag&post=316"}],"curies":[{"name":"wp","href":"https:\/\/api.w.org\/{rel}","templated":true}]}}