{"id":322,"date":"2024-04-13T13:33:19","date_gmt":"2024-04-13T16:33:19","guid":{"rendered":"http:\/\/www.paradisus.com.uy\/?product=kids-nia%c2%b1a"},"modified":"2024-05-20T12:02:45","modified_gmt":"2024-05-20T15:02:45","slug":"kids-nia%c2%b1a","status":"publish","type":"product","link":"https:\/\/www.paradisus.com.uy\/?product=kids-nia%c2%b1a","title":{"rendered":"2680 &#8211; Media kids nena"},"content":{"rendered":"<p>Media con dise\u00f1o para ni\u00f1a, en algod\u00f3n y poliamida.<br \/>\nCon materiales resistentes, suaves y confortables para los pies de la peque\u00f1a.<br \/>\nCuenta con tal\u00f3n definido con una ligera costura en el tobillo, haciendo que los calcetines no se salgan de los pies.<br \/>\nPu\u00f1o soft, que ajusta pero no apreta.<br \/>\nDise\u00f1os surtidos<\/p>\n<p>Composici\u00f3n: Algod\u00f3n 76%, Poliamida 21%, Otras Fibras 3%.<br \/>\n(La composici\u00f3n puede variar seg\u00fan el dise\u00f1o)<\/p>\n","protected":false},"excerpt":{"rendered":"<p>Media con dise\u00f1o para ni\u00f1a, en algod\u00f3n y poliamida.<\/p>\n","protected":false},"featured_media":1002,"template":"","meta":[],"product_brand":[],"product_cat":[22,29],"product_tag":[],"class_list":{"0":"post-322","1":"product","2":"type-product","3":"status-publish","4":"has-post-thumbnail","6":"product_cat-medias","7":"product_cat-ninos","9":"first","10":"instock","11":"shipping-taxable","12":"purchasable","13":"product-type-variable"},"_links":{"self":[{"href":"https:\/\/www.paradisus.com.uy\/index.php?rest_route=\/wp\/v2\/product\/322","targetHints":{"allow":["GET"]}}],"collection":[{"href":"https:\/\/www.paradisus.com.uy\/index.php?rest_route=\/wp\/v2\/product"}],"about":[{"href":"https:\/\/www.paradisus.com.uy\/index.php?rest_route=\/wp\/v2\/types\/product"}],"wp:featuredmedia":[{"embeddable":true,"href":"https:\/\/www.paradisus.com.uy\/index.php?rest_route=\/wp\/v2\/media\/1002"}],"wp:attachment":[{"href":"https:\/\/www.paradisus.com.uy\/index.php?rest_route=%2Fwp%2Fv2%2Fmedia&parent=322"}],"wp:term":[{"taxonomy":"product_brand","embeddable":true,"href":"https:\/\/www.paradisus.com.uy\/index.php?rest_route=%2Fwp%2Fv2%2Fproduct_brand&post=322"},{"taxonomy":"product_cat","embeddable":true,"href":"https:\/\/www.paradisus.com.uy\/index.php?rest_route=%2Fwp%2Fv2%2Fproduct_cat&post=322"},{"taxonomy":"product_tag","embeddable":true,"href":"https:\/\/www.paradisus.com.uy\/index.php?rest_route=%2Fwp%2Fv2%2Fproduct_tag&post=322"}],"curies":[{"name":"wp","href":"https:\/\/api.w.org\/{rel}","templated":true}]}}