{"id":323,"date":"2024-04-13T13:33:20","date_gmt":"2024-04-13T16:33:20","guid":{"rendered":"http:\/\/www.paradisus.com.uy\/?product=zoquete-deportivo-nia%c2%b1o"},"modified":"2024-04-29T15:47:27","modified_gmt":"2024-04-29T18:47:27","slug":"zoquete-deportivo-nia%c2%b1o","status":"publish","type":"product","link":"https:\/\/www.paradisus.com.uy\/?product=zoquete-deportivo-nia%c2%b1o","title":{"rendered":"2725 &#8211; Kids deportiva zoquete"},"content":{"rendered":"<p>Media Deportiva\u00a0 para ni\u00f1o sin ca\u00f1a.<br \/>\nAnat\u00f3mica con tal\u00f3n definido. Ideal para la pr\u00e1ctica de deportes activos o recreaci\u00f3n.<\/p>\n<p>Composici\u00f3n: Algod\u00f3n 77%, Poliamida 21%, Otras Fibras 2%.<br \/>\nLa composici\u00f3n puede variar de acuerdo a los colores.<\/p>\n","protected":false},"excerpt":{"rendered":"<p>Media Deportiva\u00a0 para ni\u00f1o sin ca\u00f1a.<\/p>\n","protected":false},"featured_media":1035,"template":"","meta":[],"product_brand":[],"product_cat":[22,29],"product_tag":[],"class_list":{"0":"post-323","1":"product","2":"type-product","3":"status-publish","4":"has-post-thumbnail","6":"product_cat-medias","7":"product_cat-ninos","9":"first","10":"instock","11":"shipping-taxable","12":"purchasable","13":"product-type-variable"},"_links":{"self":[{"href":"https:\/\/www.paradisus.com.uy\/index.php?rest_route=\/wp\/v2\/product\/323","targetHints":{"allow":["GET"]}}],"collection":[{"href":"https:\/\/www.paradisus.com.uy\/index.php?rest_route=\/wp\/v2\/product"}],"about":[{"href":"https:\/\/www.paradisus.com.uy\/index.php?rest_route=\/wp\/v2\/types\/product"}],"wp:featuredmedia":[{"embeddable":true,"href":"https:\/\/www.paradisus.com.uy\/index.php?rest_route=\/wp\/v2\/media\/1035"}],"wp:attachment":[{"href":"https:\/\/www.paradisus.com.uy\/index.php?rest_route=%2Fwp%2Fv2%2Fmedia&parent=323"}],"wp:term":[{"taxonomy":"product_brand","embeddable":true,"href":"https:\/\/www.paradisus.com.uy\/index.php?rest_route=%2Fwp%2Fv2%2Fproduct_brand&post=323"},{"taxonomy":"product_cat","embeddable":true,"href":"https:\/\/www.paradisus.com.uy\/index.php?rest_route=%2Fwp%2Fv2%2Fproduct_cat&post=323"},{"taxonomy":"product_tag","embeddable":true,"href":"https:\/\/www.paradisus.com.uy\/index.php?rest_route=%2Fwp%2Fv2%2Fproduct_tag&post=323"}],"curies":[{"name":"wp","href":"https:\/\/api.w.org\/{rel}","templated":true}]}}