{"id":325,"date":"2024-04-13T13:33:20","date_gmt":"2024-04-13T16:33:20","guid":{"rendered":"http:\/\/www.paradisus.com.uy\/?product=producto-2"},"modified":"2024-04-29T16:37:15","modified_gmt":"2024-04-29T19:37:15","slug":"producto-2","status":"publish","type":"product","link":"https:\/\/www.paradisus.com.uy\/?product=producto-2","title":{"rendered":"2800 &#8211; Media escolar"},"content":{"rendered":"<p>Media escolar en algod\u00f3n y poliamida.<br \/>\nCon materiales resistentes, suaves y confortables para los pies del peque\u00f1o.<br \/>\nCuenta con tal\u00f3n definido con una ligera costura en el tobillo, haciendo que los calcetines no se salgan de los pies.<\/p>\n<p>Composici\u00f3n: Algod\u00f3n 76%, Poliamida 23%, Otras Fibras 1%.<br \/>\nLa composici\u00f3n puede variar seg\u00fan el color<\/p>\n","protected":false},"excerpt":{"rendered":"<p>Media escolar en algod\u00f3n y poliamida. Con materiales resistentes, suaves y confortables para los pies del peque\u00f1o. Cuenta con tal\u00f3n definido con una ligera costura en el tobillo, haciendo que [&hellip;]<\/p>\n","protected":false},"featured_media":1090,"template":"","meta":[],"product_brand":[],"product_cat":[22,29],"product_tag":[],"class_list":{"0":"post-325","1":"product","2":"type-product","3":"status-publish","4":"has-post-thumbnail","6":"product_cat-medias","7":"product_cat-ninos","9":"first","10":"instock","11":"shipping-taxable","12":"purchasable","13":"product-type-variable"},"_links":{"self":[{"href":"https:\/\/www.paradisus.com.uy\/index.php?rest_route=\/wp\/v2\/product\/325","targetHints":{"allow":["GET"]}}],"collection":[{"href":"https:\/\/www.paradisus.com.uy\/index.php?rest_route=\/wp\/v2\/product"}],"about":[{"href":"https:\/\/www.paradisus.com.uy\/index.php?rest_route=\/wp\/v2\/types\/product"}],"wp:featuredmedia":[{"embeddable":true,"href":"https:\/\/www.paradisus.com.uy\/index.php?rest_route=\/wp\/v2\/media\/1090"}],"wp:attachment":[{"href":"https:\/\/www.paradisus.com.uy\/index.php?rest_route=%2Fwp%2Fv2%2Fmedia&parent=325"}],"wp:term":[{"taxonomy":"product_brand","embeddable":true,"href":"https:\/\/www.paradisus.com.uy\/index.php?rest_route=%2Fwp%2Fv2%2Fproduct_brand&post=325"},{"taxonomy":"product_cat","embeddable":true,"href":"https:\/\/www.paradisus.com.uy\/index.php?rest_route=%2Fwp%2Fv2%2Fproduct_cat&post=325"},{"taxonomy":"product_tag","embeddable":true,"href":"https:\/\/www.paradisus.com.uy\/index.php?rest_route=%2Fwp%2Fv2%2Fproduct_tag&post=325"}],"curies":[{"name":"wp","href":"https:\/\/api.w.org\/{rel}","templated":true}]}}