{"id":3319,"date":"2024-05-09T11:38:31","date_gmt":"2024-05-09T14:38:31","guid":{"rendered":"https:\/\/www.paradisus.com.uy\/?post_type=product&#038;p=3319"},"modified":"2024-05-09T11:41:36","modified_gmt":"2024-05-09T14:41:36","slug":"71756-calza-dama-basic","status":"publish","type":"product","link":"https:\/\/www.paradisus.com.uy\/?product=71756-calza-dama-basic","title":{"rendered":"71756 &#8211; Calza dama basic"},"content":{"rendered":"<p>Producto desarrollado con modelado especial para practicas deportivas y de alto desempe\u00f1o.<\/p>\n<p>Desarrollado con la mas moderna tecnolog\u00eda sin costuras, reduce los puntos de fricci\u00f3n.<\/p>\n<p>La ventilaci\u00f3n estrat\u00e9gica en zonas criticas de sudor resulta en alta comodidad extrema.<\/p>\n<p>El calor y la humedad se transfieren r\u00e1pidamente del cuerpo al medio ambiente.<\/p>\n<p>Tela de acabado especial. Inhibe la proliferaci\u00f3n de microorganismos y proporciona comodidad y frescor de larga duraci\u00f3n.<\/p>\n<p>Composici\u00f3n: Poliamida 96% &#8211; Elastano 4%<\/p>\n","protected":false},"excerpt":{"rendered":"<p>Producto desarrollado con modelado especial para practicas deportivas y de alto desempe\u00f1o. Desarrollado con la mas moderna tecnolog\u00eda sin costuras, reduce los puntos de fricci\u00f3n. La ventilaci\u00f3n estrat\u00e9gica en zonas [&hellip;]<\/p>\n","protected":false},"featured_media":3324,"template":"","meta":[],"product_brand":[],"product_cat":[51,49],"product_tag":[],"class_list":{"0":"post-3319","1":"product","2":"type-product","3":"status-publish","4":"has-post-thumbnail","6":"product_cat-gimnasia","7":"product_cat-sport-lupo","9":"first","10":"instock","11":"shipping-taxable","12":"purchasable","13":"product-type-variable"},"_links":{"self":[{"href":"https:\/\/www.paradisus.com.uy\/index.php?rest_route=\/wp\/v2\/product\/3319","targetHints":{"allow":["GET"]}}],"collection":[{"href":"https:\/\/www.paradisus.com.uy\/index.php?rest_route=\/wp\/v2\/product"}],"about":[{"href":"https:\/\/www.paradisus.com.uy\/index.php?rest_route=\/wp\/v2\/types\/product"}],"wp:featuredmedia":[{"embeddable":true,"href":"https:\/\/www.paradisus.com.uy\/index.php?rest_route=\/wp\/v2\/media\/3324"}],"wp:attachment":[{"href":"https:\/\/www.paradisus.com.uy\/index.php?rest_route=%2Fwp%2Fv2%2Fmedia&parent=3319"}],"wp:term":[{"taxonomy":"product_brand","embeddable":true,"href":"https:\/\/www.paradisus.com.uy\/index.php?rest_route=%2Fwp%2Fv2%2Fproduct_brand&post=3319"},{"taxonomy":"product_cat","embeddable":true,"href":"https:\/\/www.paradisus.com.uy\/index.php?rest_route=%2Fwp%2Fv2%2Fproduct_cat&post=3319"},{"taxonomy":"product_tag","embeddable":true,"href":"https:\/\/www.paradisus.com.uy\/index.php?rest_route=%2Fwp%2Fv2%2Fproduct_tag&post=3319"}],"curies":[{"name":"wp","href":"https:\/\/api.w.org\/{rel}","templated":true}]}}