{"id":336,"date":"2024-04-13T13:33:24","date_gmt":"2024-04-13T16:33:24","guid":{"rendered":"http:\/\/www.paradisus.com.uy\/?product=sportlupo-invisble"},"modified":"2024-05-02T12:54:08","modified_gmt":"2024-05-02T15:54:08","slug":"sportlupo-invisble","status":"publish","type":"product","link":"https:\/\/www.paradisus.com.uy\/?product=sportlupo-invisble","title":{"rendered":"3270 &#8211; Sportlupo invisible lisa"},"content":{"rendered":"<p>Media deportiva unisex invisible<br \/>\nAnat\u00f3mica con tal\u00f3n definido. Ideal para la pr\u00e1ctica de deportes activos o recreaci\u00f3n.<\/p>\n<p>Composici\u00f3n: Algod\u00f3n 67%, Poliamida 30%, Otras Fibras 3%.<br \/>\nLa composici\u00f3n puede variar de acuerdo a los colores.<\/p>\n","protected":false},"excerpt":{"rendered":"<p>Media deportiva unisex invisible Anat\u00f3mica con tal\u00f3n definido. Ideal para la pr\u00e1ctica de deportes activos o recreaci\u00f3n. Composici\u00f3n: Algod\u00f3n 67%, Poliamida 30%, Otras Fibras 3%. La composici\u00f3n puede variar de [&hellip;]<\/p>\n","protected":false},"featured_media":1407,"template":"","meta":[],"product_brand":[],"product_cat":[27,22],"product_tag":[],"class_list":{"0":"post-336","1":"product","2":"type-product","3":"status-publish","4":"has-post-thumbnail","6":"product_cat-deportes","7":"product_cat-medias","9":"first","10":"instock","11":"shipping-taxable","12":"purchasable","13":"product-type-variable"},"_links":{"self":[{"href":"https:\/\/www.paradisus.com.uy\/index.php?rest_route=\/wp\/v2\/product\/336","targetHints":{"allow":["GET"]}}],"collection":[{"href":"https:\/\/www.paradisus.com.uy\/index.php?rest_route=\/wp\/v2\/product"}],"about":[{"href":"https:\/\/www.paradisus.com.uy\/index.php?rest_route=\/wp\/v2\/types\/product"}],"wp:featuredmedia":[{"embeddable":true,"href":"https:\/\/www.paradisus.com.uy\/index.php?rest_route=\/wp\/v2\/media\/1407"}],"wp:attachment":[{"href":"https:\/\/www.paradisus.com.uy\/index.php?rest_route=%2Fwp%2Fv2%2Fmedia&parent=336"}],"wp:term":[{"taxonomy":"product_brand","embeddable":true,"href":"https:\/\/www.paradisus.com.uy\/index.php?rest_route=%2Fwp%2Fv2%2Fproduct_brand&post=336"},{"taxonomy":"product_cat","embeddable":true,"href":"https:\/\/www.paradisus.com.uy\/index.php?rest_route=%2Fwp%2Fv2%2Fproduct_cat&post=336"},{"taxonomy":"product_tag","embeddable":true,"href":"https:\/\/www.paradisus.com.uy\/index.php?rest_route=%2Fwp%2Fv2%2Fproduct_tag&post=336"}],"curies":[{"name":"wp","href":"https:\/\/api.w.org\/{rel}","templated":true}]}}