{"id":339,"date":"2024-04-13T13:33:26","date_gmt":"2024-04-13T16:33:26","guid":{"rendered":"http:\/\/www.paradisus.com.uy\/?product=pack-x3"},"modified":"2024-11-07T15:11:05","modified_gmt":"2024-11-07T18:11:05","slug":"pack-x3","status":"publish","type":"product","link":"https:\/\/www.paradisus.com.uy\/?product=pack-x3","title":{"rendered":"3271\/89 &#8211; Sportlupo invisible dama Pack x3"},"content":{"rendered":"<p>Media Deportiva Dama Invisible en pack de 3 unidades<br \/>\nAnat\u00f3mica con tal\u00f3n definido. Ideal para la pr\u00e1ctica de deportes activos o recreaci\u00f3n.<\/p>\n<p>Color 0920 es fucsia, grafito y negro<\/p>\n<p>Color 0965 es blanco, rosa y gris<\/p>\n<p>Color 0966 es blanco, gris y negro con puntitos<\/p>\n<p>Composici\u00f3n: Algod\u00f3n 67%, Poliamida 30%, Otras Fibras 3%.<\/p>\n<p>La composici\u00f3n puede variar de acuerdo a los colores.<\/p>\n","protected":false},"excerpt":{"rendered":"<p>Media Deportiva Dama Invisible en pack de 3 unidades Anat\u00f3mica con tal\u00f3n definido. Ideal para la pr\u00e1ctica de deportes activos o recreaci\u00f3n. Color 0920 es fucsia, grafito y negro Color [&hellip;]<\/p>\n","protected":false},"featured_media":1563,"template":"","meta":[],"product_brand":[],"product_cat":[27,22],"product_tag":[],"class_list":{"0":"post-339","1":"product","2":"type-product","3":"status-publish","4":"has-post-thumbnail","6":"product_cat-deportes","7":"product_cat-medias","9":"first","10":"instock","11":"shipping-taxable","12":"purchasable","13":"product-type-variable"},"_links":{"self":[{"href":"https:\/\/www.paradisus.com.uy\/index.php?rest_route=\/wp\/v2\/product\/339","targetHints":{"allow":["GET"]}}],"collection":[{"href":"https:\/\/www.paradisus.com.uy\/index.php?rest_route=\/wp\/v2\/product"}],"about":[{"href":"https:\/\/www.paradisus.com.uy\/index.php?rest_route=\/wp\/v2\/types\/product"}],"wp:featuredmedia":[{"embeddable":true,"href":"https:\/\/www.paradisus.com.uy\/index.php?rest_route=\/wp\/v2\/media\/1563"}],"wp:attachment":[{"href":"https:\/\/www.paradisus.com.uy\/index.php?rest_route=%2Fwp%2Fv2%2Fmedia&parent=339"}],"wp:term":[{"taxonomy":"product_brand","embeddable":true,"href":"https:\/\/www.paradisus.com.uy\/index.php?rest_route=%2Fwp%2Fv2%2Fproduct_brand&post=339"},{"taxonomy":"product_cat","embeddable":true,"href":"https:\/\/www.paradisus.com.uy\/index.php?rest_route=%2Fwp%2Fv2%2Fproduct_cat&post=339"},{"taxonomy":"product_tag","embeddable":true,"href":"https:\/\/www.paradisus.com.uy\/index.php?rest_route=%2Fwp%2Fv2%2Fproduct_tag&post=339"}],"curies":[{"name":"wp","href":"https:\/\/api.w.org\/{rel}","templated":true}]}}