{"id":354,"date":"2024-04-13T13:33:31","date_gmt":"2024-04-13T16:33:31","guid":{"rendered":"http:\/\/www.paradisus.com.uy\/?product=tanga-de-algodon"},"modified":"2024-05-07T10:08:40","modified_gmt":"2024-05-07T13:08:40","slug":"tanga-de-algodon","status":"publish","type":"product","link":"https:\/\/www.paradisus.com.uy\/?product=tanga-de-algodon","title":{"rendered":"40353 &#8211; Tanga de algodo\u00f3n"},"content":{"rendered":"<p>Tanga de algod\u00f3n, producida con hilos especiales que proporcionan excelente comodidad y durabilidad.<\/p>\n<p>Utiliza tecnolog\u00eda Sanitized, que garantiza total protecci\u00f3n anti-microbiana.<\/p>\n<p>Composici\u00f3n: Algod\u00f3n &#8211; 92%, Elastano &#8211; 8%<\/p>\n","protected":false},"excerpt":{"rendered":"<p>Tanga de algod\u00f3n, producida con hilos especiales que proporcionan excelente comodidad y durabilidad. Utiliza tecnolog\u00eda Sanitized, que garantiza total protecci\u00f3n anti-microbiana. Composici\u00f3n: Algod\u00f3n &#8211; 92%, Elastano &#8211; 8%<\/p>\n","protected":false},"featured_media":2716,"template":"","meta":[],"product_brand":[],"product_cat":[15,40],"product_tag":[],"class_list":{"0":"post-354","1":"product","2":"type-product","3":"status-publish","4":"has-post-thumbnail","6":"product_cat-lingerie","7":"product_cat-loba","9":"first","10":"instock","11":"shipping-taxable","12":"purchasable","13":"product-type-variable"},"_links":{"self":[{"href":"https:\/\/www.paradisus.com.uy\/index.php?rest_route=\/wp\/v2\/product\/354","targetHints":{"allow":["GET"]}}],"collection":[{"href":"https:\/\/www.paradisus.com.uy\/index.php?rest_route=\/wp\/v2\/product"}],"about":[{"href":"https:\/\/www.paradisus.com.uy\/index.php?rest_route=\/wp\/v2\/types\/product"}],"wp:featuredmedia":[{"embeddable":true,"href":"https:\/\/www.paradisus.com.uy\/index.php?rest_route=\/wp\/v2\/media\/2716"}],"wp:attachment":[{"href":"https:\/\/www.paradisus.com.uy\/index.php?rest_route=%2Fwp%2Fv2%2Fmedia&parent=354"}],"wp:term":[{"taxonomy":"product_brand","embeddable":true,"href":"https:\/\/www.paradisus.com.uy\/index.php?rest_route=%2Fwp%2Fv2%2Fproduct_brand&post=354"},{"taxonomy":"product_cat","embeddable":true,"href":"https:\/\/www.paradisus.com.uy\/index.php?rest_route=%2Fwp%2Fv2%2Fproduct_cat&post=354"},{"taxonomy":"product_tag","embeddable":true,"href":"https:\/\/www.paradisus.com.uy\/index.php?rest_route=%2Fwp%2Fv2%2Fproduct_tag&post=354"}],"curies":[{"name":"wp","href":"https:\/\/api.w.org\/{rel}","templated":true}]}}