{"id":3780,"date":"2024-11-07T13:02:30","date_gmt":"2024-11-07T16:02:30","guid":{"rendered":"https:\/\/www.paradisus.com.uy\/?post_type=product&#038;p=3780"},"modified":"2025-06-26T12:39:28","modified_gmt":"2025-06-26T15:39:28","slug":"784-59-boxer-de-adulto-en-algodon","status":"publish","type":"product","link":"https:\/\/www.paradisus.com.uy\/?product=784-59-boxer-de-adulto-en-algodon","title":{"rendered":"784\/59 &#8211; Boxer de adulto en algod\u00f3n"},"content":{"rendered":"<p>Boxer de algod\u00f3n para adulto.<br \/>\nFabricados en tejido de algod\u00f3n y elastano, s\u00faper suave y c\u00f3modo, con gran ajuste.<\/p>\n<p>Composici\u00f3n: Algod\u00f3n 95% &#8211; Elastano 5%<br \/>\nLa composici\u00f3n puede variar segun el modelo y el color.<\/p>\n","protected":false},"excerpt":{"rendered":"<p>Boxer de algod\u00f3n para adulto.<\/p>\n","protected":false},"featured_media":4308,"template":"","meta":[],"product_brand":[],"product_cat":[44,43],"product_tag":[],"class_list":{"0":"post-3780","1":"product","2":"type-product","3":"status-publish","4":"has-post-thumbnail","6":"product_cat-adulto","7":"product_cat-underwear","9":"first","10":"instock","11":"shipping-taxable","12":"purchasable","13":"product-type-variable"},"_links":{"self":[{"href":"https:\/\/www.paradisus.com.uy\/index.php?rest_route=\/wp\/v2\/product\/3780","targetHints":{"allow":["GET"]}}],"collection":[{"href":"https:\/\/www.paradisus.com.uy\/index.php?rest_route=\/wp\/v2\/product"}],"about":[{"href":"https:\/\/www.paradisus.com.uy\/index.php?rest_route=\/wp\/v2\/types\/product"}],"wp:featuredmedia":[{"embeddable":true,"href":"https:\/\/www.paradisus.com.uy\/index.php?rest_route=\/wp\/v2\/media\/4308"}],"wp:attachment":[{"href":"https:\/\/www.paradisus.com.uy\/index.php?rest_route=%2Fwp%2Fv2%2Fmedia&parent=3780"}],"wp:term":[{"taxonomy":"product_brand","embeddable":true,"href":"https:\/\/www.paradisus.com.uy\/index.php?rest_route=%2Fwp%2Fv2%2Fproduct_brand&post=3780"},{"taxonomy":"product_cat","embeddable":true,"href":"https:\/\/www.paradisus.com.uy\/index.php?rest_route=%2Fwp%2Fv2%2Fproduct_cat&post=3780"},{"taxonomy":"product_tag","embeddable":true,"href":"https:\/\/www.paradisus.com.uy\/index.php?rest_route=%2Fwp%2Fv2%2Fproduct_tag&post=3780"}],"curies":[{"name":"wp","href":"https:\/\/api.w.org\/{rel}","templated":true}]}}