{"id":379,"date":"2024-04-13T13:33:41","date_gmt":"2024-04-13T16:33:41","guid":{"rendered":"http:\/\/www.paradisus.com.uy\/?product=blusa-de-algoda%c2%b3n-manga-larga"},"modified":"2024-06-13T13:10:44","modified_gmt":"2024-06-13T16:10:44","slug":"blusa-de-algoda%c2%b3n-manga-larga","status":"publish","type":"product","link":"https:\/\/www.paradisus.com.uy\/?product=blusa-de-algoda%c2%b3n-manga-larga","title":{"rendered":"45138 &#8211; Blusa de algod\u00f3n, manga larga"},"content":{"rendered":"<p>Remera escote redondo en algod\u00f3n.<br \/>\nFabricada en algod\u00f3n con elastano, que brinda un toque natural suave y confortable.<\/p>\n<p>Utiliza tecnolog\u00eda Sanitized, que garantiza total protecci\u00f3n antimicrobiana.<\/p>\n<p>Composici\u00f3n: Algod\u00f3n 95% &#8211; Elastano 5%<\/p>\n<p>(La composici\u00f3n puede variar seg\u00fan el color)<\/p>\n","protected":false},"excerpt":{"rendered":"<p>Remera escote redondo en algod\u00f3n. Fabricada en algod\u00f3n con elastano, que brinda un toque natural suave y confortable. Utiliza tecnolog\u00eda Sanitized, que garantiza total protecci\u00f3n antimicrobiana. Composici\u00f3n: Algod\u00f3n 95% &#8211; [&hellip;]<\/p>\n","protected":false},"featured_media":3012,"template":"","meta":[],"product_brand":[],"product_cat":[46,47],"product_tag":[],"class_list":{"0":"post-379","1":"product","2":"type-product","3":"status-publish","4":"has-post-thumbnail","6":"product_cat-blusas","7":"product_cat-loba-blusas","9":"first","10":"instock","11":"shipping-taxable","12":"purchasable","13":"product-type-variable"},"_links":{"self":[{"href":"https:\/\/www.paradisus.com.uy\/index.php?rest_route=\/wp\/v2\/product\/379","targetHints":{"allow":["GET"]}}],"collection":[{"href":"https:\/\/www.paradisus.com.uy\/index.php?rest_route=\/wp\/v2\/product"}],"about":[{"href":"https:\/\/www.paradisus.com.uy\/index.php?rest_route=\/wp\/v2\/types\/product"}],"wp:featuredmedia":[{"embeddable":true,"href":"https:\/\/www.paradisus.com.uy\/index.php?rest_route=\/wp\/v2\/media\/3012"}],"wp:attachment":[{"href":"https:\/\/www.paradisus.com.uy\/index.php?rest_route=%2Fwp%2Fv2%2Fmedia&parent=379"}],"wp:term":[{"taxonomy":"product_brand","embeddable":true,"href":"https:\/\/www.paradisus.com.uy\/index.php?rest_route=%2Fwp%2Fv2%2Fproduct_brand&post=379"},{"taxonomy":"product_cat","embeddable":true,"href":"https:\/\/www.paradisus.com.uy\/index.php?rest_route=%2Fwp%2Fv2%2Fproduct_cat&post=379"},{"taxonomy":"product_tag","embeddable":true,"href":"https:\/\/www.paradisus.com.uy\/index.php?rest_route=%2Fwp%2Fv2%2Fproduct_tag&post=379"}],"curies":[{"name":"wp","href":"https:\/\/api.w.org\/{rel}","templated":true}]}}