{"id":380,"date":"2024-04-13T13:33:42","date_gmt":"2024-04-13T16:33:42","guid":{"rendered":"http:\/\/www.paradisus.com.uy\/?product=blusa-escote-redondo"},"modified":"2024-05-07T15:45:10","modified_gmt":"2024-05-07T18:45:10","slug":"blusa-escote-redondo","status":"publish","type":"product","link":"https:\/\/www.paradisus.com.uy\/?product=blusa-escote-redondo","title":{"rendered":"45184 &#8211; Blusa escote redondo"},"content":{"rendered":"<p>Remera escote redondo de microfibra sin costuras.<br \/>\nLa l\u00ednea Loba es producida con hilos especiales que proporcionan excelente comodidad y durabilidad.<\/p>\n<p>Utiliza tecnolog\u00eda Sanitized, que garantiza total protecci\u00f3n antimicrobiana.<\/p>\n<p>Talles:<\/p>\n<p>M (del 38 al 42)<br \/>\nG (del 44 al 48)<\/p>\n<p>Composici\u00f3n: Poliamida 94% &#8211; Elastano 6%<\/p>\n","protected":false},"excerpt":{"rendered":"<p>Remera escote redondo de microfibra sin costuras. La l\u00ednea Loba es producida con hilos especiales que proporcionan excelente comodidad y durabilidad. Utiliza tecnolog\u00eda Sanitized, que garantiza total protecci\u00f3n antimicrobiana. Talles: [&hellip;]<\/p>\n","protected":false},"featured_media":2979,"template":"","meta":[],"product_brand":[],"product_cat":[46,47],"product_tag":[],"class_list":{"0":"post-380","1":"product","2":"type-product","3":"status-publish","4":"has-post-thumbnail","6":"product_cat-blusas","7":"product_cat-loba-blusas","9":"first","10":"instock","11":"shipping-taxable","12":"purchasable","13":"product-type-variable"},"_links":{"self":[{"href":"https:\/\/www.paradisus.com.uy\/index.php?rest_route=\/wp\/v2\/product\/380","targetHints":{"allow":["GET"]}}],"collection":[{"href":"https:\/\/www.paradisus.com.uy\/index.php?rest_route=\/wp\/v2\/product"}],"about":[{"href":"https:\/\/www.paradisus.com.uy\/index.php?rest_route=\/wp\/v2\/types\/product"}],"wp:featuredmedia":[{"embeddable":true,"href":"https:\/\/www.paradisus.com.uy\/index.php?rest_route=\/wp\/v2\/media\/2979"}],"wp:attachment":[{"href":"https:\/\/www.paradisus.com.uy\/index.php?rest_route=%2Fwp%2Fv2%2Fmedia&parent=380"}],"wp:term":[{"taxonomy":"product_brand","embeddable":true,"href":"https:\/\/www.paradisus.com.uy\/index.php?rest_route=%2Fwp%2Fv2%2Fproduct_brand&post=380"},{"taxonomy":"product_cat","embeddable":true,"href":"https:\/\/www.paradisus.com.uy\/index.php?rest_route=%2Fwp%2Fv2%2Fproduct_cat&post=380"},{"taxonomy":"product_tag","embeddable":true,"href":"https:\/\/www.paradisus.com.uy\/index.php?rest_route=%2Fwp%2Fv2%2Fproduct_tag&post=380"}],"curies":[{"name":"wp","href":"https:\/\/api.w.org\/{rel}","templated":true}]}}