{"id":381,"date":"2024-04-13T13:33:42","date_gmt":"2024-04-13T16:33:42","guid":{"rendered":"http:\/\/www.paradisus.com.uy\/?product=producto-3"},"modified":"2024-11-07T15:14:09","modified_gmt":"2024-11-07T18:14:09","slug":"producto-3","status":"publish","type":"product","link":"https:\/\/www.paradisus.com.uy\/?product=producto-3","title":{"rendered":"4535 &#8211; Media sin ca\u00f1a dama c\/dise\u00f1o"},"content":{"rendered":"<p>Media zapatilla de Dama con divertidos dise\u00f1os, confeccionada con algod\u00f3n y poliamida.<br \/>\nB\u00e1sica y confortable.<br \/>\nCuenta con tal\u00f3n definido para mayor comodidad y el\u00e1stico muy suave.<\/p>\n<p>Composici\u00f3n: Algod\u00f3n 75%, Poliamida 22%, Otras Fibras 3%.<br \/>\nLa composici\u00f3n puede variar seg\u00fan el dise\u00f1o<\/p>\n","protected":false},"excerpt":{"rendered":"<p>Media zapatilla de Dama con divertidos dise\u00f1os, confeccionada con algod\u00f3n y poliamida. B\u00e1sica y confortable. Cuenta con tal\u00f3n definido para mayor comodidad y el\u00e1stico muy suave. Composici\u00f3n: Algod\u00f3n 75%, Poliamida [&hellip;]<\/p>\n","protected":false},"featured_media":3835,"template":"","meta":[],"product_brand":[],"product_cat":[22,31],"product_tag":[],"class_list":{"0":"post-381","1":"product","2":"type-product","3":"status-publish","4":"has-post-thumbnail","6":"product_cat-medias","7":"product_cat-mujer","9":"first","10":"instock","11":"shipping-taxable","12":"purchasable","13":"product-type-variable"},"_links":{"self":[{"href":"https:\/\/www.paradisus.com.uy\/index.php?rest_route=\/wp\/v2\/product\/381","targetHints":{"allow":["GET"]}}],"collection":[{"href":"https:\/\/www.paradisus.com.uy\/index.php?rest_route=\/wp\/v2\/product"}],"about":[{"href":"https:\/\/www.paradisus.com.uy\/index.php?rest_route=\/wp\/v2\/types\/product"}],"wp:featuredmedia":[{"embeddable":true,"href":"https:\/\/www.paradisus.com.uy\/index.php?rest_route=\/wp\/v2\/media\/3835"}],"wp:attachment":[{"href":"https:\/\/www.paradisus.com.uy\/index.php?rest_route=%2Fwp%2Fv2%2Fmedia&parent=381"}],"wp:term":[{"taxonomy":"product_brand","embeddable":true,"href":"https:\/\/www.paradisus.com.uy\/index.php?rest_route=%2Fwp%2Fv2%2Fproduct_brand&post=381"},{"taxonomy":"product_cat","embeddable":true,"href":"https:\/\/www.paradisus.com.uy\/index.php?rest_route=%2Fwp%2Fv2%2Fproduct_cat&post=381"},{"taxonomy":"product_tag","embeddable":true,"href":"https:\/\/www.paradisus.com.uy\/index.php?rest_route=%2Fwp%2Fv2%2Fproduct_tag&post=381"}],"curies":[{"name":"wp","href":"https:\/\/api.w.org\/{rel}","templated":true}]}}