{"id":384,"date":"2024-04-13T13:33:43","date_gmt":"2024-04-13T16:33:43","guid":{"rendered":"http:\/\/www.paradisus.com.uy\/?product=look-lupo"},"modified":"2024-11-07T15:16:49","modified_gmt":"2024-11-07T18:16:49","slug":"look-lupo","status":"publish","type":"product","link":"https:\/\/www.paradisus.com.uy\/?product=look-lupo","title":{"rendered":"4570 &#8211; Look Lupo fantas\u00eda"},"content":{"rendered":"<p>Media de Dama con divertidos dise\u00f1os, confeccionada con algod\u00f3n y poliamida.<br \/>\nB\u00e1sica y confortable, tanto para el d\u00eda a d\u00eda como para hacer deportes.<br \/>\nCuenta con tal\u00f3n definido para mayor comodidad y el\u00e1stico muy suave.<\/p>\n<p>Composici\u00f3n: Algod\u00f3n 80%, Poliamida 17%, Otras Fibras 3%.<br \/>\nLa composici\u00f3n puede variar seg\u00fan el dise\u00f1o<\/p>\n","protected":false},"excerpt":{"rendered":"<p>Media de Dama con divertidos dise\u00f1os, confeccionada con algod\u00f3n y poliamida. B\u00e1sica y confortable, tanto para el d\u00eda a d\u00eda como para hacer deportes. Cuenta con tal\u00f3n definido para mayor [&hellip;]<\/p>\n","protected":false},"featured_media":3839,"template":"","meta":[],"product_brand":[],"product_cat":[22,31],"product_tag":[],"class_list":{"0":"post-384","1":"product","2":"type-product","3":"status-publish","4":"has-post-thumbnail","6":"product_cat-medias","7":"product_cat-mujer","9":"first","10":"instock","11":"shipping-taxable","12":"purchasable","13":"product-type-variable"},"_links":{"self":[{"href":"https:\/\/www.paradisus.com.uy\/index.php?rest_route=\/wp\/v2\/product\/384","targetHints":{"allow":["GET"]}}],"collection":[{"href":"https:\/\/www.paradisus.com.uy\/index.php?rest_route=\/wp\/v2\/product"}],"about":[{"href":"https:\/\/www.paradisus.com.uy\/index.php?rest_route=\/wp\/v2\/types\/product"}],"wp:featuredmedia":[{"embeddable":true,"href":"https:\/\/www.paradisus.com.uy\/index.php?rest_route=\/wp\/v2\/media\/3839"}],"wp:attachment":[{"href":"https:\/\/www.paradisus.com.uy\/index.php?rest_route=%2Fwp%2Fv2%2Fmedia&parent=384"}],"wp:term":[{"taxonomy":"product_brand","embeddable":true,"href":"https:\/\/www.paradisus.com.uy\/index.php?rest_route=%2Fwp%2Fv2%2Fproduct_brand&post=384"},{"taxonomy":"product_cat","embeddable":true,"href":"https:\/\/www.paradisus.com.uy\/index.php?rest_route=%2Fwp%2Fv2%2Fproduct_cat&post=384"},{"taxonomy":"product_tag","embeddable":true,"href":"https:\/\/www.paradisus.com.uy\/index.php?rest_route=%2Fwp%2Fv2%2Fproduct_tag&post=384"}],"curies":[{"name":"wp","href":"https:\/\/api.w.org\/{rel}","templated":true}]}}