{"id":389,"date":"2024-04-13T13:33:44","date_gmt":"2024-04-13T16:33:44","guid":{"rendered":"http:\/\/www.paradisus.com.uy\/?product=media-dama-sin-caa%c2%b1a"},"modified":"2024-05-02T14:15:50","modified_gmt":"2024-05-02T17:15:50","slug":"media-dama-sin-caa%c2%b1a","status":"publish","type":"product","link":"https:\/\/www.paradisus.com.uy\/?product=media-dama-sin-caa%c2%b1a","title":{"rendered":"4585 &#8211; Zapatilla con dise\u00f1o"},"content":{"rendered":"<p>Media zapatilla de Dama con divertidos dise\u00f1os, confeccionada con algod\u00f3n y poliamida.<br \/>\nB\u00e1sica y confortable.<br \/>\nCuenta con tal\u00f3n definido para mayor comodidad y el\u00e1stico muy suave.<\/p>\n<p>Composici\u00f3n: Algod\u00f3n 75%, Poliamida 22%, Otras Fibras 3%.<br \/>\nLa composici\u00f3n puede variar seg\u00fan el dise\u00f1o<\/p>\n","protected":false},"excerpt":{"rendered":"<p>Media zapatilla de Dama con divertidos dise\u00f1os, confeccionada con algod\u00f3n y poliamida. B\u00e1sica y confortable. Cuenta con tal\u00f3n definido para mayor comodidad y el\u00e1stico muy suave. Composici\u00f3n: Algod\u00f3n 75%, Poliamida [&hellip;]<\/p>\n","protected":false},"featured_media":1788,"template":"","meta":[],"product_brand":[],"product_cat":[22,31],"product_tag":[],"class_list":{"0":"post-389","1":"product","2":"type-product","3":"status-publish","4":"has-post-thumbnail","6":"product_cat-medias","7":"product_cat-mujer","9":"first","10":"instock","11":"shipping-taxable","12":"purchasable","13":"product-type-variable"},"_links":{"self":[{"href":"https:\/\/www.paradisus.com.uy\/index.php?rest_route=\/wp\/v2\/product\/389","targetHints":{"allow":["GET"]}}],"collection":[{"href":"https:\/\/www.paradisus.com.uy\/index.php?rest_route=\/wp\/v2\/product"}],"about":[{"href":"https:\/\/www.paradisus.com.uy\/index.php?rest_route=\/wp\/v2\/types\/product"}],"wp:featuredmedia":[{"embeddable":true,"href":"https:\/\/www.paradisus.com.uy\/index.php?rest_route=\/wp\/v2\/media\/1788"}],"wp:attachment":[{"href":"https:\/\/www.paradisus.com.uy\/index.php?rest_route=%2Fwp%2Fv2%2Fmedia&parent=389"}],"wp:term":[{"taxonomy":"product_brand","embeddable":true,"href":"https:\/\/www.paradisus.com.uy\/index.php?rest_route=%2Fwp%2Fv2%2Fproduct_brand&post=389"},{"taxonomy":"product_cat","embeddable":true,"href":"https:\/\/www.paradisus.com.uy\/index.php?rest_route=%2Fwp%2Fv2%2Fproduct_cat&post=389"},{"taxonomy":"product_tag","embeddable":true,"href":"https:\/\/www.paradisus.com.uy\/index.php?rest_route=%2Fwp%2Fv2%2Fproduct_tag&post=389"}],"curies":[{"name":"wp","href":"https:\/\/api.w.org\/{rel}","templated":true}]}}