{"id":390,"date":"2024-04-13T13:33:45","date_gmt":"2024-04-13T16:33:45","guid":{"rendered":"http:\/\/www.paradisus.com.uy\/?product=soutien-control"},"modified":"2024-05-06T15:23:25","modified_gmt":"2024-05-06T18:23:25","slug":"soutien-control","status":"publish","type":"product","link":"https:\/\/www.paradisus.com.uy\/?product=soutien-control","title":{"rendered":"47160 &#8211; Corpi\u00f1o Control Slim armado"},"content":{"rendered":"<p>Corpi\u00f1o Control Slim Lupo.<\/p>\n<p>P (85) &#8211; M (90) &#8211; G (95) &#8211; GG (100)<\/p>\n<p>Corpi\u00f1o armado con aro que modela pero no aumenta el tama\u00f1o el busto.<br \/>\nBreteles desmontables, que permite ponerlos en varias posiciones.<br \/>\nBase ancha que evita que se suba y que brinda mas comodidad.<\/p>\n<p>Composici\u00f3n: Poliamida 86% &#8211; Elastano 14%<\/p>\n","protected":false},"excerpt":{"rendered":"<p>Corpi\u00f1o Control Slim Lupo. P (85) &#8211; M (90) &#8211; G (95) &#8211; GG (100) Corpi\u00f1o armado con aro que modela pero no aumenta el tama\u00f1o el busto. Breteles desmontables, [&hellip;]<\/p>\n","protected":false},"featured_media":2495,"template":"","meta":[],"product_brand":[],"product_cat":[53,52],"product_tag":[],"class_list":{"0":"post-390","1":"product","2":"type-product","3":"status-publish","4":"has-post-thumbnail","6":"product_cat-linea-sin-costura","7":"product_cat-slim","9":"first","10":"instock","11":"shipping-taxable","12":"purchasable","13":"product-type-variable"},"_links":{"self":[{"href":"https:\/\/www.paradisus.com.uy\/index.php?rest_route=\/wp\/v2\/product\/390","targetHints":{"allow":["GET"]}}],"collection":[{"href":"https:\/\/www.paradisus.com.uy\/index.php?rest_route=\/wp\/v2\/product"}],"about":[{"href":"https:\/\/www.paradisus.com.uy\/index.php?rest_route=\/wp\/v2\/types\/product"}],"wp:featuredmedia":[{"embeddable":true,"href":"https:\/\/www.paradisus.com.uy\/index.php?rest_route=\/wp\/v2\/media\/2495"}],"wp:attachment":[{"href":"https:\/\/www.paradisus.com.uy\/index.php?rest_route=%2Fwp%2Fv2%2Fmedia&parent=390"}],"wp:term":[{"taxonomy":"product_brand","embeddable":true,"href":"https:\/\/www.paradisus.com.uy\/index.php?rest_route=%2Fwp%2Fv2%2Fproduct_brand&post=390"},{"taxonomy":"product_cat","embeddable":true,"href":"https:\/\/www.paradisus.com.uy\/index.php?rest_route=%2Fwp%2Fv2%2Fproduct_cat&post=390"},{"taxonomy":"product_tag","embeddable":true,"href":"https:\/\/www.paradisus.com.uy\/index.php?rest_route=%2Fwp%2Fv2%2Fproduct_tag&post=390"}],"curies":[{"name":"wp","href":"https:\/\/api.w.org\/{rel}","templated":true}]}}