{"id":396,"date":"2024-04-13T13:33:48","date_gmt":"2024-04-13T16:33:48","guid":{"rendered":"http:\/\/www.paradisus.com.uy\/?product=zapatilla-kitx2"},"modified":"2024-05-02T14:28:43","modified_gmt":"2024-05-02T17:28:43","slug":"zapatilla-kitx2","status":"publish","type":"product","link":"https:\/\/www.paradisus.com.uy\/?product=zapatilla-kitx2","title":{"rendered":"5520 &#8211; Zapatilla con lycra Kit x2"},"content":{"rendered":"<p>Zapatillas finas ideales para media estaci\u00f3n. (Cada cajita trae 2 pares)<br \/>\n40 deniers.<br \/>\nSin demarcaci\u00f3n de puntera.<\/p>\n<p>Composici\u00f3n: Poliamida 98% -Elastano 2%.<\/p>\n","protected":false},"excerpt":{"rendered":"<p>Zapatillas finas ideales para media estaci\u00f3n. (Cada cajita trae 2 pares) 40 deniers. Sin demarcaci\u00f3n de puntera. Composici\u00f3n: Poliamida 98% -Elastano 2%.<\/p>\n","protected":false},"featured_media":1796,"template":"","meta":[],"product_brand":[],"product_cat":[33,32],"product_tag":[],"class_list":{"0":"post-396","1":"product","2":"type-product","3":"status-publish","4":"has-post-thumbnail","6":"product_cat-minimedias","7":"product_cat-pantimedias","9":"first","10":"instock","11":"shipping-taxable","12":"purchasable","13":"product-type-variable"},"_links":{"self":[{"href":"https:\/\/www.paradisus.com.uy\/index.php?rest_route=\/wp\/v2\/product\/396","targetHints":{"allow":["GET"]}}],"collection":[{"href":"https:\/\/www.paradisus.com.uy\/index.php?rest_route=\/wp\/v2\/product"}],"about":[{"href":"https:\/\/www.paradisus.com.uy\/index.php?rest_route=\/wp\/v2\/types\/product"}],"wp:featuredmedia":[{"embeddable":true,"href":"https:\/\/www.paradisus.com.uy\/index.php?rest_route=\/wp\/v2\/media\/1796"}],"wp:attachment":[{"href":"https:\/\/www.paradisus.com.uy\/index.php?rest_route=%2Fwp%2Fv2%2Fmedia&parent=396"}],"wp:term":[{"taxonomy":"product_brand","embeddable":true,"href":"https:\/\/www.paradisus.com.uy\/index.php?rest_route=%2Fwp%2Fv2%2Fproduct_brand&post=396"},{"taxonomy":"product_cat","embeddable":true,"href":"https:\/\/www.paradisus.com.uy\/index.php?rest_route=%2Fwp%2Fv2%2Fproduct_cat&post=396"},{"taxonomy":"product_tag","embeddable":true,"href":"https:\/\/www.paradisus.com.uy\/index.php?rest_route=%2Fwp%2Fv2%2Fproduct_tag&post=396"}],"curies":[{"name":"wp","href":"https:\/\/api.w.org\/{rel}","templated":true}]}}