{"id":411,"date":"2024-04-13T13:33:53","date_gmt":"2024-04-13T16:33:53","guid":{"rendered":"http:\/\/www.paradisus.com.uy\/?product=clasica-tamaa%c2%b1o-plus"},"modified":"2024-05-02T16:18:13","modified_gmt":"2024-05-02T19:18:13","slug":"clasica-tamaa%c2%b1o-plus","status":"publish","type":"product","link":"https:\/\/www.paradisus.com.uy\/?product=clasica-tamaa%c2%b1o-plus","title":{"rendered":"5795 &#8211; Panty clasica PLUS"},"content":{"rendered":"<p>Panty fina talle PLUS, 20 deniers.<\/p>\n<p>Con forro de algod\u00f3n. Tiene demarcaci\u00f3n de bombacha y puntera.<\/p>\n<p>Composici\u00f3n: Poliamida 88% &#8211; Elastano 12%<\/p>\n","protected":false},"excerpt":{"rendered":"<p>Panty fina talle PLUS, 20 deniers. Con forro de algod\u00f3n. Tiene demarcaci\u00f3n de bombacha y puntera. Composici\u00f3n: Poliamida 88% &#8211; Elastano 12%<\/p>\n","protected":false},"featured_media":1915,"template":"","meta":[],"product_brand":[],"product_cat":[38,32],"product_tag":[],"class_list":{"0":"post-411","1":"product","2":"type-product","3":"status-publish","4":"has-post-thumbnail","6":"product_cat-basica","7":"product_cat-pantimedias","9":"first","10":"instock","11":"shipping-taxable","12":"purchasable","13":"product-type-variable"},"_links":{"self":[{"href":"https:\/\/www.paradisus.com.uy\/index.php?rest_route=\/wp\/v2\/product\/411","targetHints":{"allow":["GET"]}}],"collection":[{"href":"https:\/\/www.paradisus.com.uy\/index.php?rest_route=\/wp\/v2\/product"}],"about":[{"href":"https:\/\/www.paradisus.com.uy\/index.php?rest_route=\/wp\/v2\/types\/product"}],"wp:featuredmedia":[{"embeddable":true,"href":"https:\/\/www.paradisus.com.uy\/index.php?rest_route=\/wp\/v2\/media\/1915"}],"wp:attachment":[{"href":"https:\/\/www.paradisus.com.uy\/index.php?rest_route=%2Fwp%2Fv2%2Fmedia&parent=411"}],"wp:term":[{"taxonomy":"product_brand","embeddable":true,"href":"https:\/\/www.paradisus.com.uy\/index.php?rest_route=%2Fwp%2Fv2%2Fproduct_brand&post=411"},{"taxonomy":"product_cat","embeddable":true,"href":"https:\/\/www.paradisus.com.uy\/index.php?rest_route=%2Fwp%2Fv2%2Fproduct_cat&post=411"},{"taxonomy":"product_tag","embeddable":true,"href":"https:\/\/www.paradisus.com.uy\/index.php?rest_route=%2Fwp%2Fv2%2Fproduct_tag&post=411"}],"curies":[{"name":"wp","href":"https:\/\/api.w.org\/{rel}","templated":true}]}}