{"id":412,"date":"2024-04-13T13:33:53","date_gmt":"2024-04-13T16:33:53","guid":{"rendered":"http:\/\/www.paradisus.com.uy\/?product=acralico-invierno"},"modified":"2024-05-02T16:22:15","modified_gmt":"2024-05-02T19:22:15","slug":"acralico-invierno","status":"publish","type":"product","link":"https:\/\/www.paradisus.com.uy\/?product=acralico-invierno","title":{"rendered":"5805 &#8211; Panty Invierno acr\u00edlico"},"content":{"rendered":"<p>Panty opaca de Dama de Invierno, con forro de algod\u00f3n.<br \/>\n80 deniers.<\/p>\n<p>Composici\u00f3n: Acr\u00edlico 68%, Poliamida 29% y Elastano 3%.<\/p>\n","protected":false},"excerpt":{"rendered":"<p>Panty opaca de Dama de Invierno, con forro de algod\u00f3n. 80 deniers. Composici\u00f3n: Acr\u00edlico 68%, Poliamida 29% y Elastano 3%.<\/p>\n","protected":false},"featured_media":1919,"template":"","meta":[],"product_brand":[],"product_cat":[38,32],"product_tag":[],"class_list":{"0":"post-412","1":"product","2":"type-product","3":"status-publish","4":"has-post-thumbnail","6":"product_cat-basica","7":"product_cat-pantimedias","9":"first","10":"instock","11":"shipping-taxable","12":"purchasable","13":"product-type-variable"},"_links":{"self":[{"href":"https:\/\/www.paradisus.com.uy\/index.php?rest_route=\/wp\/v2\/product\/412","targetHints":{"allow":["GET"]}}],"collection":[{"href":"https:\/\/www.paradisus.com.uy\/index.php?rest_route=\/wp\/v2\/product"}],"about":[{"href":"https:\/\/www.paradisus.com.uy\/index.php?rest_route=\/wp\/v2\/types\/product"}],"wp:featuredmedia":[{"embeddable":true,"href":"https:\/\/www.paradisus.com.uy\/index.php?rest_route=\/wp\/v2\/media\/1919"}],"wp:attachment":[{"href":"https:\/\/www.paradisus.com.uy\/index.php?rest_route=%2Fwp%2Fv2%2Fmedia&parent=412"}],"wp:term":[{"taxonomy":"product_brand","embeddable":true,"href":"https:\/\/www.paradisus.com.uy\/index.php?rest_route=%2Fwp%2Fv2%2Fproduct_brand&post=412"},{"taxonomy":"product_cat","embeddable":true,"href":"https:\/\/www.paradisus.com.uy\/index.php?rest_route=%2Fwp%2Fv2%2Fproduct_cat&post=412"},{"taxonomy":"product_tag","embeddable":true,"href":"https:\/\/www.paradisus.com.uy\/index.php?rest_route=%2Fwp%2Fv2%2Fproduct_tag&post=412"}],"curies":[{"name":"wp","href":"https:\/\/api.w.org\/{rel}","templated":true}]}}