{"id":413,"date":"2024-04-13T13:33:53","date_gmt":"2024-04-13T16:33:53","guid":{"rendered":"http:\/\/www.paradisus.com.uy\/?product=microfibra-fio-60"},"modified":"2024-05-02T16:34:19","modified_gmt":"2024-05-02T19:34:19","slug":"microfibra-fio-60","status":"publish","type":"product","link":"https:\/\/www.paradisus.com.uy\/?product=microfibra-fio-60","title":{"rendered":"5830 &#8211; Panty opaca FIO 40"},"content":{"rendered":"<p>Panty opaca de Dama con forro de algod\u00f3n.<br \/>\n40 deniers.<\/p>\n<p>Sin demarcaci\u00f3n de bombacha y sin demarcaci\u00f3n de puntera<\/p>\n<p>Composici\u00f3n: Poliamida 92%, Elastano 8%.<\/p>\n","protected":false},"excerpt":{"rendered":"<p>Panty opaca de Dama con forro de algod\u00f3n. 40 deniers. Sin demarcaci\u00f3n de bombacha y sin demarcaci\u00f3n de puntera Composici\u00f3n: Poliamida 92%, Elastano 8%.<\/p>\n","protected":false},"featured_media":1923,"template":"","meta":[],"product_brand":[],"product_cat":[38,32],"product_tag":[],"class_list":{"0":"post-413","1":"product","2":"type-product","3":"status-publish","4":"has-post-thumbnail","6":"product_cat-basica","7":"product_cat-pantimedias","9":"first","10":"instock","11":"shipping-taxable","12":"purchasable","13":"product-type-variable"},"_links":{"self":[{"href":"https:\/\/www.paradisus.com.uy\/index.php?rest_route=\/wp\/v2\/product\/413","targetHints":{"allow":["GET"]}}],"collection":[{"href":"https:\/\/www.paradisus.com.uy\/index.php?rest_route=\/wp\/v2\/product"}],"about":[{"href":"https:\/\/www.paradisus.com.uy\/index.php?rest_route=\/wp\/v2\/types\/product"}],"wp:featuredmedia":[{"embeddable":true,"href":"https:\/\/www.paradisus.com.uy\/index.php?rest_route=\/wp\/v2\/media\/1923"}],"wp:attachment":[{"href":"https:\/\/www.paradisus.com.uy\/index.php?rest_route=%2Fwp%2Fv2%2Fmedia&parent=413"}],"wp:term":[{"taxonomy":"product_brand","embeddable":true,"href":"https:\/\/www.paradisus.com.uy\/index.php?rest_route=%2Fwp%2Fv2%2Fproduct_brand&post=413"},{"taxonomy":"product_cat","embeddable":true,"href":"https:\/\/www.paradisus.com.uy\/index.php?rest_route=%2Fwp%2Fv2%2Fproduct_cat&post=413"},{"taxonomy":"product_tag","embeddable":true,"href":"https:\/\/www.paradisus.com.uy\/index.php?rest_route=%2Fwp%2Fv2%2Fproduct_tag&post=413"}],"curies":[{"name":"wp","href":"https:\/\/api.w.org\/{rel}","templated":true}]}}