{"id":4180,"date":"2025-03-21T10:41:19","date_gmt":"2025-03-21T13:41:19","guid":{"rendered":"https:\/\/www.paradisus.com.uy\/?post_type=product&#038;p=4180"},"modified":"2025-03-21T11:00:16","modified_gmt":"2025-03-21T14:00:16","slug":"45185-polera-de-modal","status":"publish","type":"product","link":"https:\/\/www.paradisus.com.uy\/?product=45185-polera-de-modal","title":{"rendered":"45185 &#8211; Polera de modal"},"content":{"rendered":"<p>Polera de manga larga de modal .<\/p>\n<p>La l\u00ednea Loba es producida con hilos especiales que proporcionan excelente comodidad y durabilidad.<br \/>\nUtiliza tecnolog\u00eda Sanitized, que garantiza total protecci\u00f3n antimicrobiana.<\/p>\n<p>M (del 38 al 42)<\/p>\n<p>G (del 44 al 48)<\/p>\n<p>GG (del 50 al 52)<\/p>\n<p>Composici\u00f3n: Modal 91% &#8211; Elastano 9%<\/p>\n","protected":false},"excerpt":{"rendered":"<p>Polera de manga larga de modal . La l\u00ednea Loba es producida con hilos especiales que proporcionan excelente comodidad y durabilidad. Utiliza tecnolog\u00eda Sanitized, que garantiza total protecci\u00f3n antimicrobiana. M [&hellip;]<\/p>\n","protected":false},"featured_media":4189,"template":"","meta":[],"product_brand":[],"product_cat":[46,47],"product_tag":[],"class_list":{"0":"post-4180","1":"product","2":"type-product","3":"status-publish","4":"has-post-thumbnail","6":"product_cat-blusas","7":"product_cat-loba-blusas","9":"first","10":"instock","11":"shipping-taxable","12":"purchasable","13":"product-type-variable"},"_links":{"self":[{"href":"https:\/\/www.paradisus.com.uy\/index.php?rest_route=\/wp\/v2\/product\/4180","targetHints":{"allow":["GET"]}}],"collection":[{"href":"https:\/\/www.paradisus.com.uy\/index.php?rest_route=\/wp\/v2\/product"}],"about":[{"href":"https:\/\/www.paradisus.com.uy\/index.php?rest_route=\/wp\/v2\/types\/product"}],"wp:featuredmedia":[{"embeddable":true,"href":"https:\/\/www.paradisus.com.uy\/index.php?rest_route=\/wp\/v2\/media\/4189"}],"wp:attachment":[{"href":"https:\/\/www.paradisus.com.uy\/index.php?rest_route=%2Fwp%2Fv2%2Fmedia&parent=4180"}],"wp:term":[{"taxonomy":"product_brand","embeddable":true,"href":"https:\/\/www.paradisus.com.uy\/index.php?rest_route=%2Fwp%2Fv2%2Fproduct_brand&post=4180"},{"taxonomy":"product_cat","embeddable":true,"href":"https:\/\/www.paradisus.com.uy\/index.php?rest_route=%2Fwp%2Fv2%2Fproduct_cat&post=4180"},{"taxonomy":"product_tag","embeddable":true,"href":"https:\/\/www.paradisus.com.uy\/index.php?rest_route=%2Fwp%2Fv2%2Fproduct_tag&post=4180"}],"curies":[{"name":"wp","href":"https:\/\/api.w.org\/{rel}","templated":true}]}}