{"id":420,"date":"2024-04-13T13:33:56","date_gmt":"2024-04-13T16:33:56","guid":{"rendered":"http:\/\/www.paradisus.com.uy\/?product=boxer-algodan-c-cartera"},"modified":"2024-05-06T11:40:05","modified_gmt":"2024-05-06T14:40:05","slug":"boxer-algodan-c-cartera","status":"publish","type":"product","link":"https:\/\/www.paradisus.com.uy\/?product=boxer-algodan-c-cartera","title":{"rendered":"660 &#8211; Boxer de adulto en algod\u00f3n con cartera"},"content":{"rendered":"<p>Boxer de algod\u00f3n acanalado, con cartera para adulto.<br \/>\nFabricados en tejido de algod\u00f3n y elastano, s\u00faper suave y c\u00f3modo, con gran ajuste. Con abertura frontal<\/p>\n<p>Composici\u00f3n: Algod\u00f3n 95% \u2013 Elastano 5%<br \/>\nLa composici\u00f3n puede variar segun el modelo y el color.<\/p>\n","protected":false},"excerpt":{"rendered":"<p>Boxer de algod\u00f3n acanalado, con cartera para adulto. Fabricados en tejido de algod\u00f3n y elastano, s\u00faper suave y c\u00f3modo, con gran ajuste. Con abertura frontal Composici\u00f3n: Algod\u00f3n 95% \u2013 Elastano [&hellip;]<\/p>\n","protected":false},"featured_media":2335,"template":"","meta":[],"product_brand":[],"product_cat":[44,43],"product_tag":[],"class_list":{"0":"post-420","1":"product","2":"type-product","3":"status-publish","4":"has-post-thumbnail","6":"product_cat-adulto","7":"product_cat-underwear","9":"first","10":"instock","11":"shipping-taxable","12":"purchasable","13":"product-type-variable"},"_links":{"self":[{"href":"https:\/\/www.paradisus.com.uy\/index.php?rest_route=\/wp\/v2\/product\/420","targetHints":{"allow":["GET"]}}],"collection":[{"href":"https:\/\/www.paradisus.com.uy\/index.php?rest_route=\/wp\/v2\/product"}],"about":[{"href":"https:\/\/www.paradisus.com.uy\/index.php?rest_route=\/wp\/v2\/types\/product"}],"wp:featuredmedia":[{"embeddable":true,"href":"https:\/\/www.paradisus.com.uy\/index.php?rest_route=\/wp\/v2\/media\/2335"}],"wp:attachment":[{"href":"https:\/\/www.paradisus.com.uy\/index.php?rest_route=%2Fwp%2Fv2%2Fmedia&parent=420"}],"wp:term":[{"taxonomy":"product_brand","embeddable":true,"href":"https:\/\/www.paradisus.com.uy\/index.php?rest_route=%2Fwp%2Fv2%2Fproduct_brand&post=420"},{"taxonomy":"product_cat","embeddable":true,"href":"https:\/\/www.paradisus.com.uy\/index.php?rest_route=%2Fwp%2Fv2%2Fproduct_cat&post=420"},{"taxonomy":"product_tag","embeddable":true,"href":"https:\/\/www.paradisus.com.uy\/index.php?rest_route=%2Fwp%2Fv2%2Fproduct_tag&post=420"}],"curies":[{"name":"wp","href":"https:\/\/api.w.org\/{rel}","templated":true}]}}