{"id":428,"date":"2024-04-13T13:34:00","date_gmt":"2024-04-13T16:34:00","guid":{"rendered":"http:\/\/www.paradisus.com.uy\/?product=producto-5"},"modified":"2024-05-08T12:07:06","modified_gmt":"2024-05-08T15:07:06","slug":"producto-5","status":"publish","type":"product","link":"https:\/\/www.paradisus.com.uy\/?product=producto-5","title":{"rendered":"71012 &#8211; Remera t\u00e9rmica dama"},"content":{"rendered":"<p>Remera t\u00e9rmica de dama manga larga<\/p>\n<p>Producto de compresi\u00f3n que se ajusta al cuerpo con perfecci\u00f3n.<br \/>\nMas soporte para los m\u00fasculos en las actividades deportivas y de alto desempe\u00f1o.<\/p>\n<p>Desarrollado con la mas moderna tecnolog\u00eda sin costuras, reduce los puntos de fricci\u00f3n.<\/p>\n<p>La ventilaci\u00f3n estrat\u00e9gica en zonas criticas de sudor resulta en alta comodidad extrema.<\/p>\n<p>El calor y la humedad se transfieren r\u00e1pidamente del cuerpo al medio ambiente.<\/p>\n<p>Producto desarrollado con variados niveles de compresi\u00f3n, mejorando el contrapeso del m\u00fasculo y la postura.<\/p>\n<p>Tela de acabado especial. Inhibe la proliferaci\u00f3n de microorganismos y proporciona comodidad y frescor de larga duraci\u00f3n.<\/p>\n<p>Composici\u00f3n: Poliamida 93% &#8211; Eslastano 7%<\/p>\n","protected":false},"excerpt":{"rendered":"<p>Remera t\u00e9rmica de dama manga larga Producto de compresi\u00f3n que se ajusta al cuerpo con perfecci\u00f3n. Mas soporte para los m\u00fasculos en las actividades deportivas y de alto desempe\u00f1o. Desarrollado [&hellip;]<\/p>\n","protected":false},"featured_media":3085,"template":"","meta":[],"product_brand":[],"product_cat":[51,49],"product_tag":[],"class_list":{"0":"post-428","1":"product","2":"type-product","3":"status-publish","4":"has-post-thumbnail","6":"product_cat-gimnasia","7":"product_cat-sport-lupo","9":"first","10":"instock","11":"shipping-taxable","12":"purchasable","13":"product-type-variable"},"_links":{"self":[{"href":"https:\/\/www.paradisus.com.uy\/index.php?rest_route=\/wp\/v2\/product\/428","targetHints":{"allow":["GET"]}}],"collection":[{"href":"https:\/\/www.paradisus.com.uy\/index.php?rest_route=\/wp\/v2\/product"}],"about":[{"href":"https:\/\/www.paradisus.com.uy\/index.php?rest_route=\/wp\/v2\/types\/product"}],"wp:featuredmedia":[{"embeddable":true,"href":"https:\/\/www.paradisus.com.uy\/index.php?rest_route=\/wp\/v2\/media\/3085"}],"wp:attachment":[{"href":"https:\/\/www.paradisus.com.uy\/index.php?rest_route=%2Fwp%2Fv2%2Fmedia&parent=428"}],"wp:term":[{"taxonomy":"product_brand","embeddable":true,"href":"https:\/\/www.paradisus.com.uy\/index.php?rest_route=%2Fwp%2Fv2%2Fproduct_brand&post=428"},{"taxonomy":"product_cat","embeddable":true,"href":"https:\/\/www.paradisus.com.uy\/index.php?rest_route=%2Fwp%2Fv2%2Fproduct_cat&post=428"},{"taxonomy":"product_tag","embeddable":true,"href":"https:\/\/www.paradisus.com.uy\/index.php?rest_route=%2Fwp%2Fv2%2Fproduct_tag&post=428"}],"curies":[{"name":"wp","href":"https:\/\/api.w.org\/{rel}","templated":true}]}}