{"id":4457,"date":"2025-06-26T14:14:00","date_gmt":"2025-06-26T17:14:00","guid":{"rendered":"https:\/\/www.paradisus.com.uy\/?post_type=product&#038;p=4457"},"modified":"2025-06-26T14:18:52","modified_gmt":"2025-06-26T17:18:52","slug":"436-04-boxer-de-adulto-microfibra-s-costura","status":"publish","type":"product","link":"https:\/\/www.paradisus.com.uy\/?product=436-04-boxer-de-adulto-microfibra-s-costura","title":{"rendered":"436\/04 &#8211; Boxer de adulto microfibra s\/costura"},"content":{"rendered":"<p>Boxer Microfibra sin costura para Adulto.<br \/>\nTiene un tejido especialmente confortable que permite libertad de movimientos y respiraci\u00f3n de la piel.<\/p>\n<p>Composici\u00f3n: Poliamida 96%, Elastano 4%.<br \/>\nLa composici\u00f3n puede variar segun el modelo y el color.<\/p>\n<p>P (38 AL 40)<br \/>\nM (42 AL 44)<br \/>\nG (46 AL 48)<br \/>\nGG (50 AL 52)<\/p>\n","protected":false},"excerpt":{"rendered":"<p>Boxer Microfibra sin costura para Adulto. Tiene un tejido especialmente confortable que permite libertad de movimientos y respiraci\u00f3n de la piel. Composici\u00f3n: Poliamida 96%, Elastano 4%. La composici\u00f3n puede variar [&hellip;]<\/p>\n","protected":false},"featured_media":4492,"template":"","meta":[],"product_brand":[],"product_cat":[44],"product_tag":[],"class_list":{"0":"post-4457","1":"product","2":"type-product","3":"status-publish","4":"has-post-thumbnail","6":"product_cat-adulto","8":"first","9":"instock","10":"shipping-taxable","11":"purchasable","12":"product-type-variable"},"_links":{"self":[{"href":"https:\/\/www.paradisus.com.uy\/index.php?rest_route=\/wp\/v2\/product\/4457","targetHints":{"allow":["GET"]}}],"collection":[{"href":"https:\/\/www.paradisus.com.uy\/index.php?rest_route=\/wp\/v2\/product"}],"about":[{"href":"https:\/\/www.paradisus.com.uy\/index.php?rest_route=\/wp\/v2\/types\/product"}],"wp:featuredmedia":[{"embeddable":true,"href":"https:\/\/www.paradisus.com.uy\/index.php?rest_route=\/wp\/v2\/media\/4492"}],"wp:attachment":[{"href":"https:\/\/www.paradisus.com.uy\/index.php?rest_route=%2Fwp%2Fv2%2Fmedia&parent=4457"}],"wp:term":[{"taxonomy":"product_brand","embeddable":true,"href":"https:\/\/www.paradisus.com.uy\/index.php?rest_route=%2Fwp%2Fv2%2Fproduct_brand&post=4457"},{"taxonomy":"product_cat","embeddable":true,"href":"https:\/\/www.paradisus.com.uy\/index.php?rest_route=%2Fwp%2Fv2%2Fproduct_cat&post=4457"},{"taxonomy":"product_tag","embeddable":true,"href":"https:\/\/www.paradisus.com.uy\/index.php?rest_route=%2Fwp%2Fv2%2Fproduct_tag&post=4457"}],"curies":[{"name":"wp","href":"https:\/\/api.w.org\/{rel}","templated":true}]}}