{"id":4805,"date":"2025-12-12T13:31:48","date_gmt":"2025-12-12T16:31:48","guid":{"rendered":"https:\/\/www.paradisus.com.uy\/?post_type=product&#038;p=4805"},"modified":"2025-12-12T13:39:24","modified_gmt":"2025-12-12T16:39:24","slug":"71752-calza-legging-raschel","status":"publish","type":"product","link":"https:\/\/www.paradisus.com.uy\/?product=71752-calza-legging-raschel","title":{"rendered":"71752 &#8211; Calza legging Raschel"},"content":{"rendered":"<h4 id=\"tw-target-text\" class=\"tw-data-text tw-text-large tw-ta\" dir=\"ltr\" role=\"text\" data-placeholder=\"Traducci\u00f3n\" data-ved=\"2ahUKEwix8Mz5vLiRAxU9GrkGHUYgA88Q3ewLegQIDBAX\" aria-label=\"Texto traducido: Leggings sin costuras con tecnolog\u00eda Raschel. Las microperforaciones en la estructura de la prenda permiten mayor ventilaci\u00f3n y libertad de movimiento, adem\u00e1s de crear dise\u00f1os que complementan la silueta. La cintura anat\u00f3mica proporciona mayor seguridad durante la actividad.\"><span class=\"Y2IQFc\" lang=\"es\">Leggings sin costuras con tecnolog\u00eda Raschel.<br \/>\nLas microperforaciones en la estructura de la prenda permiten mayor ventilaci\u00f3n y libertad de movimiento, adem\u00e1s de crear dise\u00f1os que complementan la silueta.<br \/>\nLa cintura anat\u00f3mica proporciona mayor seguridad durante la actividad.<\/span><\/h4>\n<h4>Composici\u00f3n: Poliamida 90% &#8211; Elastano 10%<\/h4>\n","protected":false},"excerpt":{"rendered":"<p>Leggings sin costuras con tecnolog\u00eda Raschel. Las microperforaciones en la estructura de la prenda permiten mayor ventilaci\u00f3n y libertad de movimiento, adem\u00e1s de crear dise\u00f1os que complementan la silueta. La [&hellip;]<\/p>\n","protected":false},"featured_media":4810,"template":"","meta":[],"product_brand":[],"product_cat":[51,49],"product_tag":[],"class_list":{"0":"post-4805","1":"product","2":"type-product","3":"status-publish","4":"has-post-thumbnail","6":"product_cat-gimnasia","7":"product_cat-sport-lupo","9":"first","10":"instock","11":"shipping-taxable","12":"purchasable","13":"product-type-variable"},"_links":{"self":[{"href":"https:\/\/www.paradisus.com.uy\/index.php?rest_route=\/wp\/v2\/product\/4805","targetHints":{"allow":["GET"]}}],"collection":[{"href":"https:\/\/www.paradisus.com.uy\/index.php?rest_route=\/wp\/v2\/product"}],"about":[{"href":"https:\/\/www.paradisus.com.uy\/index.php?rest_route=\/wp\/v2\/types\/product"}],"wp:featuredmedia":[{"embeddable":true,"href":"https:\/\/www.paradisus.com.uy\/index.php?rest_route=\/wp\/v2\/media\/4810"}],"wp:attachment":[{"href":"https:\/\/www.paradisus.com.uy\/index.php?rest_route=%2Fwp%2Fv2%2Fmedia&parent=4805"}],"wp:term":[{"taxonomy":"product_brand","embeddable":true,"href":"https:\/\/www.paradisus.com.uy\/index.php?rest_route=%2Fwp%2Fv2%2Fproduct_brand&post=4805"},{"taxonomy":"product_cat","embeddable":true,"href":"https:\/\/www.paradisus.com.uy\/index.php?rest_route=%2Fwp%2Fv2%2Fproduct_cat&post=4805"},{"taxonomy":"product_tag","embeddable":true,"href":"https:\/\/www.paradisus.com.uy\/index.php?rest_route=%2Fwp%2Fv2%2Fproduct_tag&post=4805"}],"curies":[{"name":"wp","href":"https:\/\/api.w.org\/{rel}","templated":true}]}}