{"id":4838,"date":"2025-12-12T13:46:56","date_gmt":"2025-12-12T16:46:56","guid":{"rendered":"https:\/\/www.paradisus.com.uy\/?post_type=product&#038;p=4838"},"modified":"2026-04-13T12:08:18","modified_gmt":"2026-04-13T15:08:18","slug":"77226-t-shirt-airdry-dama","status":"publish","type":"product","link":"https:\/\/www.paradisus.com.uy\/?product=77226-t-shirt-airdry-dama","title":{"rendered":"77226 &#8211; T-shirt AirDry dama"},"content":{"rendered":"<p>T-shirt AirDry dama , <span class=\"Y2IQFc\" lang=\"es\">con un corte ligeramente m\u00e1s holgado y un tejido muy ligero y suave al tacto. Tiene cuello redondo y manga corta, ideal para el d\u00eda a d\u00eda, tanto para hacer ejercicio como para uso urbano.<br \/>\nIncorpora tecnolog\u00eda Dry, que proporciona frescura para el uso diario y un secado m\u00e1s r\u00e1pido del sudor.<\/span><\/p>\n<p>Composici\u00f3n: Poliamida 100%.<\/p>\n","protected":false},"excerpt":{"rendered":"<p>T-shirt AirDry dama , con un corte ligeramente m\u00e1s holgado y un tejido muy ligero y suave al tacto. Tiene cuello redondo y manga corta, ideal para el d\u00eda a [&hellip;]<\/p>\n","protected":false},"featured_media":4924,"template":"","meta":[],"product_brand":[],"product_cat":[51,49],"product_tag":[],"class_list":{"0":"post-4838","1":"product","2":"type-product","3":"status-publish","4":"has-post-thumbnail","6":"product_cat-gimnasia","7":"product_cat-sport-lupo","9":"first","10":"instock","11":"shipping-taxable","12":"purchasable","13":"product-type-variable"},"_links":{"self":[{"href":"https:\/\/www.paradisus.com.uy\/index.php?rest_route=\/wp\/v2\/product\/4838","targetHints":{"allow":["GET"]}}],"collection":[{"href":"https:\/\/www.paradisus.com.uy\/index.php?rest_route=\/wp\/v2\/product"}],"about":[{"href":"https:\/\/www.paradisus.com.uy\/index.php?rest_route=\/wp\/v2\/types\/product"}],"wp:featuredmedia":[{"embeddable":true,"href":"https:\/\/www.paradisus.com.uy\/index.php?rest_route=\/wp\/v2\/media\/4924"}],"wp:attachment":[{"href":"https:\/\/www.paradisus.com.uy\/index.php?rest_route=%2Fwp%2Fv2%2Fmedia&parent=4838"}],"wp:term":[{"taxonomy":"product_brand","embeddable":true,"href":"https:\/\/www.paradisus.com.uy\/index.php?rest_route=%2Fwp%2Fv2%2Fproduct_brand&post=4838"},{"taxonomy":"product_cat","embeddable":true,"href":"https:\/\/www.paradisus.com.uy\/index.php?rest_route=%2Fwp%2Fv2%2Fproduct_cat&post=4838"},{"taxonomy":"product_tag","embeddable":true,"href":"https:\/\/www.paradisus.com.uy\/index.php?rest_route=%2Fwp%2Fv2%2Fproduct_tag&post=4838"}],"curies":[{"name":"wp","href":"https:\/\/api.w.org\/{rel}","templated":true}]}}