{"id":4955,"date":"2025-12-15T09:51:19","date_gmt":"2025-12-15T12:51:19","guid":{"rendered":"https:\/\/www.paradisus.com.uy\/?post_type=product&#038;p=4955"},"modified":"2026-01-21T10:07:10","modified_gmt":"2026-01-21T13:07:10","slug":"43028-boxer-dama-de-algodon","status":"publish","type":"product","link":"https:\/\/www.paradisus.com.uy\/?product=43028-boxer-dama-de-algodon","title":{"rendered":"43028 &#8211; Boxer dama de algod\u00f3n"},"content":{"rendered":"<p id=\"tw-target-text\" class=\"tw-data-text tw-text-large tw-ta\" dir=\"ltr\" role=\"text\" data-placeholder=\"Traducci\u00f3n\" data-ved=\"2ahUKEwiqiM6d0b-RAxWpDbkGHTEeMoUQ3ewLegQIDBAW\" aria-label=\"Texto traducido: Braguitas tipo b\u00f3xer, confeccionadas en algod\u00f3n suave y acogedor. La prenda ofrece un ajuste perfecto y un tacto suave, garantizando comodidad y bienestar durante todo el d\u00eda.\"><span class=\"Y2IQFc\" lang=\"es\">Boxer de dama confeccionadas en algod\u00f3n suave y acogedor. La prenda ofrece un ajuste perfecto y un tacto suave, garantizando comodidad y bienestar durante todo el d\u00eda.<\/span>.<\/p>\n<p>&nbsp;<\/p>\n<p>Composici\u00f3n: Algod\u00f3n &#8211; 95%, Elastano &#8211; 5%<\/p>\n<p>&nbsp;<\/p>\n<p>&nbsp;<\/p>\n","protected":false},"excerpt":{"rendered":"<p>Boxer de dama confeccionadas en algod\u00f3n suave y acogedor. La prenda ofrece un ajuste perfecto y un tacto suave, garantizando comodidad y bienestar durante todo el d\u00eda.. &nbsp; Composici\u00f3n: Algod\u00f3n [&hellip;]<\/p>\n","protected":false},"featured_media":4988,"template":"","meta":[],"product_brand":[],"product_cat":[15,40],"product_tag":[],"class_list":{"0":"post-4955","1":"product","2":"type-product","3":"status-publish","4":"has-post-thumbnail","6":"product_cat-lingerie","7":"product_cat-loba","9":"first","10":"instock","11":"shipping-taxable","12":"purchasable","13":"product-type-variable"},"_links":{"self":[{"href":"https:\/\/www.paradisus.com.uy\/index.php?rest_route=\/wp\/v2\/product\/4955","targetHints":{"allow":["GET"]}}],"collection":[{"href":"https:\/\/www.paradisus.com.uy\/index.php?rest_route=\/wp\/v2\/product"}],"about":[{"href":"https:\/\/www.paradisus.com.uy\/index.php?rest_route=\/wp\/v2\/types\/product"}],"wp:featuredmedia":[{"embeddable":true,"href":"https:\/\/www.paradisus.com.uy\/index.php?rest_route=\/wp\/v2\/media\/4988"}],"wp:attachment":[{"href":"https:\/\/www.paradisus.com.uy\/index.php?rest_route=%2Fwp%2Fv2%2Fmedia&parent=4955"}],"wp:term":[{"taxonomy":"product_brand","embeddable":true,"href":"https:\/\/www.paradisus.com.uy\/index.php?rest_route=%2Fwp%2Fv2%2Fproduct_brand&post=4955"},{"taxonomy":"product_cat","embeddable":true,"href":"https:\/\/www.paradisus.com.uy\/index.php?rest_route=%2Fwp%2Fv2%2Fproduct_cat&post=4955"},{"taxonomy":"product_tag","embeddable":true,"href":"https:\/\/www.paradisus.com.uy\/index.php?rest_route=%2Fwp%2Fv2%2Fproduct_tag&post=4955"}],"curies":[{"name":"wp","href":"https:\/\/api.w.org\/{rel}","templated":true}]}}