{"id":4996,"date":"2025-12-15T09:59:08","date_gmt":"2025-12-15T12:59:08","guid":{"rendered":"https:\/\/www.paradisus.com.uy\/?post_type=product&#038;p=4996"},"modified":"2026-01-21T10:06:45","modified_gmt":"2026-01-21T13:06:45","slug":"43027-corpino-de-algodon","status":"publish","type":"product","link":"https:\/\/www.paradisus.com.uy\/?product=43027-corpino-de-algodon","title":{"rendered":"43027 &#8211; Corpi\u00f1o de algod\u00f3n"},"content":{"rendered":"<p id=\"tw-target-text\" class=\"tw-data-text tw-text-large tw-ta\" dir=\"ltr\" role=\"text\" data-placeholder=\"Traducci\u00f3n\" data-ved=\"2ahUKEwiqiM6d0b-RAxWpDbkGHTEeMoUQ3ewLegQIDBAW\" aria-label=\"Texto traducido: Braguitas tipo b\u00f3xer, confeccionadas en algod\u00f3n suave y acogedor. La prenda ofrece un ajuste perfecto y un tacto suave, garantizando comodidad y bienestar durante todo el d\u00eda.\"><span class=\"Y2IQFc\" lang=\"es\">Corpi\u00f1o confeccionado en algod\u00f3n suave y acogedor. La prenda ofrece un ajuste perfecto y un tacto suave, garantizando comodidad y bienestar durante todo el d\u00eda.<\/span>.<\/p>\n<p>&nbsp;<\/p>\n<p>Composici\u00f3n: Algod\u00f3n &#8211; 95%, Elastano &#8211; 5%<\/p>\n<p>&nbsp;<\/p>\n<p>&nbsp;<\/p>\n","protected":false},"excerpt":{"rendered":"<p>Corpi\u00f1o confeccionado en algod\u00f3n suave y acogedor. La prenda ofrece un ajuste perfecto y un tacto suave, garantizando comodidad y bienestar durante todo el d\u00eda.. &nbsp; Composici\u00f3n: Algod\u00f3n &#8211; 95%, [&hellip;]<\/p>\n","protected":false},"featured_media":5012,"template":"","meta":[],"product_brand":[],"product_cat":[15,40],"product_tag":[],"class_list":{"0":"post-4996","1":"product","2":"type-product","3":"status-publish","4":"has-post-thumbnail","6":"product_cat-lingerie","7":"product_cat-loba","9":"first","10":"instock","11":"shipping-taxable","12":"purchasable","13":"product-type-variable"},"_links":{"self":[{"href":"https:\/\/www.paradisus.com.uy\/index.php?rest_route=\/wp\/v2\/product\/4996","targetHints":{"allow":["GET"]}}],"collection":[{"href":"https:\/\/www.paradisus.com.uy\/index.php?rest_route=\/wp\/v2\/product"}],"about":[{"href":"https:\/\/www.paradisus.com.uy\/index.php?rest_route=\/wp\/v2\/types\/product"}],"wp:featuredmedia":[{"embeddable":true,"href":"https:\/\/www.paradisus.com.uy\/index.php?rest_route=\/wp\/v2\/media\/5012"}],"wp:attachment":[{"href":"https:\/\/www.paradisus.com.uy\/index.php?rest_route=%2Fwp%2Fv2%2Fmedia&parent=4996"}],"wp:term":[{"taxonomy":"product_brand","embeddable":true,"href":"https:\/\/www.paradisus.com.uy\/index.php?rest_route=%2Fwp%2Fv2%2Fproduct_brand&post=4996"},{"taxonomy":"product_cat","embeddable":true,"href":"https:\/\/www.paradisus.com.uy\/index.php?rest_route=%2Fwp%2Fv2%2Fproduct_cat&post=4996"},{"taxonomy":"product_tag","embeddable":true,"href":"https:\/\/www.paradisus.com.uy\/index.php?rest_route=%2Fwp%2Fv2%2Fproduct_tag&post=4996"}],"curies":[{"name":"wp","href":"https:\/\/api.w.org\/{rel}","templated":true}]}}